{"id":15955,"date":"2026-02-25T13:03:02","date_gmt":"2026-02-25T13:03:02","guid":{"rendered":"https:\/\/westendindians.fi\/?page_id=15955"},"modified":"2026-04-15T06:27:55","modified_gmt":"2026-04-15T06:27:55","slug":"futisstartti","status":"publish","type":"page","link":"https:\/\/www.heimo.fi\/en\/jalkapallo\/futisstartti\/","title":{"rendered":"Futisstartti"},"content":{"rendered":"<div data-elementor-type=\"wp-page\" data-elementor-id=\"15955\" class=\"elementor elementor-15955\" data-elementor-post-type=\"page\">\n\t\t\t\t<div class=\"elementor-element elementor-element-34a9552 e-flex e-con-boxed e-con e-parent\" data-id=\"34a9552\" data-element_type=\"container\" data-settings=\"{&quot;background_background&quot;:&quot;classic&quot;,&quot;shape_divider_bottom&quot;:&quot;tilt&quot;}\">\n\t\t\t\t\t<div class=\"e-con-inner\">\n\t\t\t\t<div class=\"elementor-shape elementor-shape-bottom\" aria-hidden=\"true\" data-negative=\"false\">\n\t\t\t<svg xmlns=\"http:\/\/www.w3.org\/2000\/svg\" viewbox=\"0 0 1000 100\" preserveaspectratio=\"none\">\n\t<path class=\"elementor-shape-fill\" d=\"M0,6V0h1000v100L0,6z\"\/>\n<\/svg>\t\t<\/div>\n\t\t\t\t\t<\/div>\n\t\t\t\t<\/div>\n\t\t<div class=\"elementor-element elementor-element-16239d2 e-flex e-con-boxed e-con e-parent\" data-id=\"16239d2\" data-element_type=\"container\" data-settings=\"{&quot;background_background&quot;:&quot;classic&quot;,&quot;shape_divider_top&quot;:&quot;tilt&quot;}\">\n\t\t\t\t\t<div class=\"e-con-inner\">\n\t\t\t\t<div class=\"elementor-shape elementor-shape-top\" aria-hidden=\"true\" data-negative=\"false\">\n\t\t\t<svg xmlns=\"http:\/\/www.w3.org\/2000\/svg\" viewbox=\"0 0 1000 100\" preserveaspectratio=\"none\">\n\t<path class=\"elementor-shape-fill\" d=\"M0,6V0h1000v100L0,6z\"\/>\n<\/svg>\t\t<\/div>\n\t\t\t\t<div class=\"elementor-element elementor-element-f3ba4bf elementor-widget elementor-widget-heading\" data-id=\"f3ba4bf\" data-element_type=\"widget\" data-widget_type=\"heading.default\">\n\t\t\t\t<div class=\"elementor-widget-container\">\n\t\t\t\t\t<h2 class=\"elementor-heading-title elementor-size-default\">HEIMON FUTIS-STARTTIRYM\u00c4T - TERVETULOA MUKAAN!<\/h2>\t\t\t\t<\/div>\n\t\t\t\t<\/div>\n\t\t\t\t<div class=\"elementor-element elementor-element-7a9f373 elementor-widget elementor-widget-image\" data-id=\"7a9f373\" data-element_type=\"widget\" data-widget_type=\"image.default\">\n\t\t\t\t<div class=\"elementor-widget-container\">\n\t\t\t\t\t\t\t\t\t\t\t\t\t\t\t<img fetchpriority=\"high\" decoding=\"async\" width=\"768\" height=\"410\" src=\"https:\/\/westendindians.fi\/wp-content\/uploads\/2026\/02\/nallen-futis-sivu-1-768x410.png\" class=\"attachment-medium_large size-medium_large wp-image-15958\" alt=\"\" srcset=\"https:\/\/westendindians.fi\/wp-content\/uploads\/2026\/02\/nallen-futis-sivu-1-768x410.png 768w, https:\/\/westendindians.fi\/wp-content\/uploads\/2026\/02\/nallen-futis-sivu-1-300x160.png 300w, https:\/\/westendindians.fi\/wp-content\/uploads\/2026\/02\/nallen-futis-sivu-1-18x10.png 18w, https:\/\/westendindians.fi\/wp-content\/uploads\/2026\/02\/nallen-futis-sivu-1.png 1024w\" sizes=\"(max-width: 768px) 100vw, 768px\" \/>\t\t\t\t\t\t\t\t\t\t\t\t\t\t\t<\/div>\n\t\t\t\t<\/div>\n\t\t\t\t<div class=\"elementor-element elementor-element-b1bd547 elementor-widget elementor-widget-heading\" data-id=\"b1bd547\" data-element_type=\"widget\" data-widget_type=\"heading.default\">\n\t\t\t\t<div class=\"elementor-widget-container\">\n\t\t\t\t\t<h2 class=\"elementor-heading-title elementor-size-default\">Heimo<\/h2>\t\t\t\t<\/div>\n\t\t\t\t<\/div>\n\t\t\t\t<div class=\"elementor-element elementor-element-88f42dd elementor-widget elementor-widget-text-editor\" data-id=\"88f42dd\" data-element_type=\"widget\" data-widget_type=\"text-editor.default\">\n\t\t\t\t<div class=\"elementor-widget-container\">\n\t\t\t\t\t\t\t\t\t<p><span style=\"color: #ffffff;\">Heimo on yksi Suomen ja Espoon suurimmista urheiluseurayhteis\u00f6ist\u00e4. Seuran keltamustissa v\u00e4reiss\u00e4 liikkuu viikoittain yli 3000 Heimolaista 200 joukkueessa ja harrasteryhma\u0308ssa\u0308. Koko yhteis\u00f6 koostuu l\u00e4hes 5000 heimolaisesta.<\/span><\/p><p><span style=\"color: #ffffff;\">Heimo tarjoaa salibandya, s\u00e4hly\u00e4, jalkapalloa, futsalia, e-urheilua sek\u00e4 monilajitoimintaa.<\/span><br \/><span style=\"color: #ffffff;\">Edustusjoukkueet pelaavat Suomen huipulla: salibandy F-liigassa, jalkapallo Nelosessa ja e-urheilun valtakunnallisella huipulla.<\/span><\/p>\t\t\t\t\t\t\t\t<\/div>\n\t\t\t\t<\/div>\n\t\t\t\t<div class=\"elementor-element elementor-element-cd8c1c9 elementor-widget elementor-widget-heading\" data-id=\"cd8c1c9\" data-element_type=\"widget\" data-widget_type=\"heading.default\">\n\t\t\t\t<div class=\"elementor-widget-container\">\n\t\t\t\t\t<h2 class=\"elementor-heading-title elementor-size-default\">Futis-startin info<\/h2>\t\t\t\t<\/div>\n\t\t\t\t<\/div>\n\t\t\t\t<div class=\"elementor-element elementor-element-fc6b347 elementor-widget elementor-widget-button\" data-id=\"fc6b347\" data-element_type=\"widget\" data-widget_type=\"button.default\">\n\t\t\t\t<div class=\"elementor-widget-container\">\n\t\t\t\t\t\t\t\t\t<div class=\"elementor-button-wrapper\">\n\t\t\t\t\t<a class=\"elementor-button elementor-button-link elementor-size-sm\" href=\"#futisstartti\">\n\t\t\t\t\t\t<span class=\"elementor-button-content-wrapper\">\n\t\t\t\t\t\t\t\t\t<span class=\"elementor-button-text\">ILMOITTAUDU MUKAAN!<\/span>\n\t\t\t\t\t<\/span>\n\t\t\t\t\t<\/a>\n\t\t\t\t<\/div>\n\t\t\t\t\t\t\t\t<\/div>\n\t\t\t\t<\/div>\n\t\t\t\t<div class=\"elementor-element elementor-element-1923cf1 elementor-widget elementor-widget-heading\" data-id=\"1923cf1\" data-element_type=\"widget\" data-widget_type=\"heading.default\">\n\t\t\t\t<div class=\"elementor-widget-container\">\n\t\t\t\t\t<h2 class=\"elementor-heading-title elementor-size-default\">Yhteyshenkil\u00f6<\/h2>\t\t\t\t<\/div>\n\t\t\t\t<\/div>\n\t\t\t\t<div class=\"elementor-element elementor-element-29cd0b0 elementor-widget elementor-widget-text-editor\" data-id=\"29cd0b0\" data-element_type=\"widget\" data-widget_type=\"text-editor.default\">\n\t\t\t\t<div class=\"elementor-widget-container\">\n\t\t\t\t\t\t\t\t\t<div class=\"elementToProof\" data-ogsc=\"rgb(0, 0, 0)\"><p><span style=\"color: #ffffff;\">Heimon tarjoamiin lasten futis-starttiryhmiin voivat tulla kaikki liikunnasta, urheilusta ja futiksesta kiinnostuneet matalalla kynnyksell\u00e4. <strong>Futiksen starttiryhmien toiminta on maksutonta. Lis\u00e4ksi jokainen osallistuja saa itselleen oman jalkapallon kurssin lopuksi (4 viikon toteutuksissa).<\/strong><\/span><\/p><p><span style=\"color: #ffffff;\">Futiksen starttiryhmien tarkoituksena on perehdytt\u00e4\u00e4 lapsia liikunnan riemuun jalkapallon, pelien ja leikkien avulla.<\/span><\/p><p><span style=\"font-size: 16px; color: #ffffff;\">Meille on t\u00e4rke\u00e4\u00e4, ett\u00e4 jokainen lapsi viihtyy, saa monimuotoisia el\u00e4myksi\u00e4 ja oppii uusia asioita. Pyrimme ottamaan jokaisen lapsen yksil\u00f6n\u00e4 huomioon ja tarjoamaan h\u00e4nelle mukavaa sopivan haastavaa toimin<\/span><span style=\"font-size: 16px; color: #ffffff;\">taa.<\/span><\/p><p><span style=\"color: #ffffff;\">Mukaan futis-startti kerroille tarvitset liikuntaan ja kev\u00e4iseen s\u00e4\u00e4h\u00e4n sopivat vaatteet sek\u00e4 juomapullon. \u00a0<\/span><\/p><p data-start=\"0\" data-end=\"280\"><span style=\"color: #ffffff;\">All children who are interested in physical activity, sports, and football are welcome to join Heimo\u2019s football start groups with a low threshold. <strong>Participation in the football start groups is free of charge. In addition, every participant will receive their own football to keep in the end of course.<\/strong><\/span><\/p><p data-start=\"282\" data-end=\"414\"><span style=\"color: #ffffff;\">The purpose of the football start groups is to introduce children to the joy of physical activity through football, games, and play.<\/span><\/p><p data-start=\"416\" data-end=\"642\"><span style=\"color: #ffffff;\">It is important to us that every child enjoys themselves, has diverse experiences, and learns new things. We aim to consider each child as an individual and provide enjoyable, appropriately challenging activities for everyone.<\/span><\/p><p data-start=\"644\" data-end=\"776\" data-is-last-node=\"\" data-is-only-node=\"\"><span style=\"color: #ffffff;\">For the football start sessions, please bring clothing suitable for physical activity and spring weather, as well as a water bottle.<\/span><\/p><p data-start=\"644\" data-end=\"776\"><span style=\"color: #ffff00;\">Alustavat aikataulut:\u00a0<br \/><\/span><\/p><p><span style=\"color: #ffffff;\"><strong>Westendinpuiston koulu:<\/strong> <span style=\"font-size: 16px;\">Westendinpuiston koulun tekonurmikentt\u00e4. <\/span>Keskiviikkoisin (22.4. &amp; 29.4) klo 12:10-13:00.\u00a0<\/span><\/p><p><span style=\"color: #ffffff;\"><strong>Toppelundin koulu:<\/strong> Koulun jalkapallokentt\u00e4. Maanantaisin klo 14.30-15.20. K\u00e4ynnistyy viikolla 13.\u00a0<\/span><\/p><p><span style=\"color: #ffffff;\"><strong>Ruusutorpan koulu:<\/strong> S\u00e4terinniityn tekonurmi. Tiistaisin klo 2x45min klo 14:15-15:00. K\u00e4ynnistyy viikolla 13.<\/span><\/p><p><span style=\"color: #ffffff;\"><strong>Lintuvaaran koulu:<\/strong> Lintuvaaran koulun kentt\u00e4. Perjantaisin klo 14-15. K\u00e4ynnistyy viikolla 13.<\/span><\/p><p><span style=\"color: #ffffff;\"><strong>Lepp\u00e4vaaran koulu:<\/strong> Urheilupuiston tekonurmi. Maanantaisin klo 13.15-14.05. K\u00e4ynnistyy viikolla 13.<\/span><\/p><p><span style=\"color: #ffffff;\"><strong>Laajalahden koulu:<\/strong> Laajalahden koulun kentt\u00e4. Torstaisin klo 13.30-14.30. K\u00e4ynnistyy viikolla 13.<\/span><\/p><p><span style=\"color: #ffffff;\"><strong>Silkkiniityn p\u00e4iv\u00e4koti:<\/strong> P\u00e4iv\u00e4kodin jalkapallokentt\u00e4. Perjantaisin 09.30-11.30. K\u00e4ynnistyy viikolla 13.<\/span><\/p><p><span style=\"color: #ffffff;\"><strong>Westends Daghem<\/strong>: Westend Tribe Park. Keskiviikkoisin 2x45min klo 09:15-10:00 &amp; 10:00-10:45. K\u00e4ynnistyy viikolla 14.<\/span><\/p><p><span style=\"color: #ffffff;\"><strong>Perkkaan p\u00e4iv\u00e4koti<\/strong>: Perkkaan hiekkakentt\u00e4. Tiistaisin 2x45min klo 09.15-10.00 &amp; 10.00-10.45. K\u00e4ynnistyy viikolla 14.<\/span><\/p><p><span style=\"color: #ffffff;\"><em>Pienet muutokset aikatauluihin ovat mahdollisia. Tiedotamme niist\u00e4 erikseen.\u00a0<\/em><\/span><\/p><\/div>\t\t\t\t\t\t\t\t<\/div>\n\t\t\t\t<\/div>\n\t\t\t\t<div class=\"elementor-element elementor-element-c7a0aae elementor-widget elementor-widget-text-editor\" data-id=\"c7a0aae\" data-element_type=\"widget\" data-widget_type=\"text-editor.default\">\n\t\t\t\t<div class=\"elementor-widget-container\">\n\t\t\t\t\t\t\t\t\t<p><span style=\"color: #ffffff;\">Yhteyshenkil\u00f6n\u00e4 ja vet\u00e4j\u00e4n\u00e4 futis-starttiryhmiss\u00e4 toimii <strong>Miikka Kareinen<\/strong>. Miikka toimii yhteis\u00f6valmentajana Heimossa, miss\u00e4 h\u00e4n tukee yl\u00e4kouluik\u00e4isi\u00e4 nuoria urheilun ja koulunk\u00e4ynnin tasapainoisessa yhteensovittamisessa. Lis\u00e4ksi h\u00e4n toimii liikunnanohjaajana Espoossa kolmen koulun Harrastamisen mallin toiminnassa ala- ja yl\u00e4kouluik\u00e4isille. Miikka on vet\u00e4nyt my\u00f6s Heimon futisryhmi\u00e4.<\/span><\/p><p><span style=\"color: #ffffff;\">miikka.kareinen@heimo.fi<br \/>050 350 1162<\/span><\/p>\t\t\t\t\t\t\t\t<\/div>\n\t\t\t\t<\/div>\n\t\t\t\t<div class=\"elementor-element elementor-element-7ea24be elementor-widget elementor-widget-image\" data-id=\"7ea24be\" data-element_type=\"widget\" data-widget_type=\"image.default\">\n\t\t\t\t<div class=\"elementor-widget-container\">\n\t\t\t\t\t\t\t\t\t\t\t\t\t\t\t<img decoding=\"async\" width=\"300\" height=\"300\" src=\"https:\/\/westendindians.fi\/wp-content\/uploads\/2026\/02\/nalle-300x300.jpg\" class=\"attachment-medium size-medium wp-image-16335\" alt=\"\" srcset=\"https:\/\/westendindians.fi\/wp-content\/uploads\/2026\/02\/nalle-300x300.jpg 300w, https:\/\/westendindians.fi\/wp-content\/uploads\/2026\/02\/nalle-1024x1024.jpg 1024w, https:\/\/westendindians.fi\/wp-content\/uploads\/2026\/02\/nalle-150x150.jpg 150w, https:\/\/westendindians.fi\/wp-content\/uploads\/2026\/02\/nalle-768x768.jpg 768w, https:\/\/westendindians.fi\/wp-content\/uploads\/2026\/02\/nalle-12x12.jpg 12w, https:\/\/westendindians.fi\/wp-content\/uploads\/2026\/02\/nalle.jpg 1080w\" sizes=\"(max-width: 300px) 100vw, 300px\" \/>\t\t\t\t\t\t\t\t\t\t\t\t\t\t\t<\/div>\n\t\t\t\t<\/div>\n\t\t\t\t<div class=\"elementor-element elementor-element-2feb055 elementor-widget elementor-widget-heading\" data-id=\"2feb055\" data-element_type=\"widget\" data-widget_type=\"heading.default\">\n\t\t\t\t<div class=\"elementor-widget-container\">\n\t\t\t\t\t<h2 class=\"elementor-heading-title elementor-size-default\">ILMOITTAUDU \/ SIGN UP<\/h2>\t\t\t\t<\/div>\n\t\t\t\t<\/div>\n\t\t\t\t\t<\/div>\n\t\t\t\t<\/div>\n\t\t<div class=\"elementor-element elementor-element-17f9286 e-flex e-con-boxed e-con e-parent\" data-id=\"17f9286\" data-element_type=\"container\">\n\t\t\t\t\t<div class=\"e-con-inner\">\n\t\t\t\t<div class=\"elementor-element elementor-element-a3549e6 elementor-widget elementor-widget-menu-anchor\" data-id=\"a3549e6\" data-element_type=\"widget\" data-widget_type=\"menu-anchor.default\">\n\t\t\t\t<div class=\"elementor-widget-container\">\n\t\t\t\t\t\t\t<div class=\"elementor-menu-anchor\" id=\"futisstartti\"><\/div>\n\t\t\t\t\t\t<\/div>\n\t\t\t\t<\/div>\n\t\t\t\t<div class=\"elementor-element elementor-element-a01214a elementor-button-align-stretch elementor-widget elementor-widget-form\" data-id=\"a01214a\" data-element_type=\"widget\" data-settings=\"{&quot;step_next_label&quot;:&quot;Next&quot;,&quot;step_previous_label&quot;:&quot;Previous&quot;,&quot;button_width&quot;:&quot;100&quot;,&quot;step_type&quot;:&quot;number_text&quot;,&quot;step_icon_shape&quot;:&quot;circle&quot;}\" data-widget_type=\"form.default\">\n\t\t\t\t<div class=\"elementor-widget-container\">\n\t\t\t\t\t\t\t<form class=\"elementor-form\" method=\"post\" name=\"New Form\" aria-label=\"New Form\" action=\"\">\n\t\t\t<input type=\"hidden\" name=\"post_id\" value=\"15955\"\/>\n\t\t\t<input type=\"hidden\" name=\"form_id\" value=\"a01214a\"\/>\n\t\t\t<input type=\"hidden\" name=\"referer_title\" value=\"Futisstartti - Heimo\" \/>\n\n\t\t\t\t\t\t\t<input type=\"hidden\" name=\"queried_id\" value=\"15955\"\/>\n\t\t\t\n\t\t\t<div class=\"elementor-form-fields-wrapper elementor-labels-above\">\n\t\t\t\t\t\t\t\t<div class=\"elementor-field-type-text elementor-field-group elementor-column elementor-field-group-field_cc3594d elementor-col-100 elementor-field-required elementor-mark-required\">\n\t\t\t\t\t\t\t\t\t\t\t\t<label for=\"form-field-field_cc3594d\" class=\"elementor-field-label\">\n\t\t\t\t\t\t\t\tOsallistujan nimi & koulu\/p\u00e4iv\u00e4koti\t\t\t\t\t\t\t<\/label>\n\t\t\t\t\t\t\t\t\t\t\t\t\t\t<input size=\"1\" type=\"text\" name=\"form_fields[field_cc3594d]\" id=\"form-field-field_cc3594d\" class=\"elementor-field elementor-size-sm  elementor-field-textual\" placeholder=\"Participant&#039;s name and school\/preschool\" required=\"required\">\n\t\t\t\t\t\t\t\t\t\t\t<\/div>\n\t\t\t\t\t\t\t\t<div class=\"elementor-field-type-text elementor-field-group elementor-column elementor-field-group-name elementor-col-100 elementor-field-required elementor-mark-required\">\n\t\t\t\t\t\t\t\t\t\t\t\t<label for=\"form-field-name\" class=\"elementor-field-label\">\n\t\t\t\t\t\t\t\tHuoltajan nimi\t\t\t\t\t\t\t<\/label>\n\t\t\t\t\t\t\t\t\t\t\t\t\t\t<input size=\"1\" type=\"text\" name=\"form_fields[name]\" id=\"form-field-name\" class=\"elementor-field elementor-size-sm  elementor-field-textual\" placeholder=\"Guardian&#039;s name\" required=\"required\">\n\t\t\t\t\t\t\t\t\t\t\t<\/div>\n\t\t\t\t\t\t\t\t<div class=\"elementor-field-type-email elementor-field-group elementor-column elementor-field-group-email elementor-col-100 elementor-field-required elementor-mark-required\">\n\t\t\t\t\t\t\t\t\t\t\t\t<label for=\"form-field-email\" class=\"elementor-field-label\">\n\t\t\t\t\t\t\t\tHuoltajan s\u00e4hk\u00f6posti\t\t\t\t\t\t\t<\/label>\n\t\t\t\t\t\t\t\t\t\t\t\t\t\t<input size=\"1\" type=\"email\" name=\"form_fields[email]\" id=\"form-field-email\" class=\"elementor-field elementor-size-sm  elementor-field-textual\" placeholder=\"Guardian&#039;s email\" required=\"required\">\n\t\t\t\t\t\t\t\t\t\t\t<\/div>\n\t\t\t\t\t\t\t\t<div class=\"elementor-field-type-tel elementor-field-group elementor-column elementor-field-group-field_0426b96 elementor-col-100 elementor-field-required elementor-mark-required\">\n\t\t\t\t\t\t\t\t\t\t\t\t<label for=\"form-field-field_0426b96\" class=\"elementor-field-label\">\n\t\t\t\t\t\t\t\tHuoltajan puhelinnumero\t\t\t\t\t\t\t<\/label>\n\t\t\t\t\t\t\t\t<input size=\"1\" type=\"tel\" name=\"form_fields[field_0426b96]\" id=\"form-field-field_0426b96\" class=\"elementor-field elementor-size-sm  elementor-field-textual\" placeholder=\"Guardian&#039;s phone number\" required=\"required\" pattern=\"[0-9()#&amp;+*-=.]+\" title=\"Only numbers and phone characters (#, -, *, etc) are accepted.\">\n\n\t\t\t\t\t\t<\/div>\n\t\t\t\t\t\t\t\t<div class=\"elementor-field-type-text elementor-field-group elementor-column elementor-field-group-field_01f525a elementor-col-100\">\n\t\t\t\t\t\t\t\t\t\t\t\t<label for=\"form-field-field_01f525a\" class=\"elementor-field-label\">\n\t\t\t\t\t\t\t\tSyntym\u00e4aika (vakuutusta varten)\t\t\t\t\t\t\t<\/label>\n\t\t\t\t\t\t\t\t\t\t\t\t\t\t<input size=\"1\" type=\"text\" name=\"form_fields[field_01f525a]\" id=\"form-field-field_01f525a\" class=\"elementor-field elementor-size-sm  elementor-field-textual\" placeholder=\"Date of birth (for incurence)\">\n\t\t\t\t\t\t\t\t\t\t\t<\/div>\n\t\t\t\t\t\t\t\t<div class=\"elementor-field-group elementor-column elementor-field-type-submit elementor-col-100 e-form__buttons\">\n\t\t\t\t\t<button class=\"elementor-button elementor-size-sm\" type=\"submit\">\n\t\t\t\t\t\t<span class=\"elementor-button-content-wrapper\">\n\t\t\t\t\t\t\t\t\t\t\t\t\t\t\t\t\t\t\t\t\t\t<span class=\"elementor-button-text\">L\u00e4het\u00e4<\/span>\n\t\t\t\t\t\t\t\t\t\t\t\t\t<\/span>\n\t\t\t\t\t<\/button>\n\t\t\t\t<\/div>\n\t\t\t<\/div>\n\t\t<input type=\"hidden\" name=\"trp-form-language\" value=\"en\"\/><\/form>\n\t\t\t\t\t\t<\/div>\n\t\t\t\t<\/div>\n\t\t\t\t\t<\/div>\n\t\t\t\t<\/div>\n\t\t<div class=\"elementor-element elementor-element-10a7f34 e-con-full e-flex e-con e-parent\" data-id=\"10a7f34\" data-element_type=\"container\" data-settings=\"{&quot;background_background&quot;:&quot;classic&quot;,&quot;shape_divider_top&quot;:&quot;tilt&quot;}\">\n\t\t\t\t<div class=\"elementor-shape elementor-shape-top\" aria-hidden=\"true\" data-negative=\"false\">\n\t\t\t<svg xmlns=\"http:\/\/www.w3.org\/2000\/svg\" viewbox=\"0 0 1000 100\" preserveaspectratio=\"none\">\n\t<path class=\"elementor-shape-fill\" d=\"M0,6V0h1000v100L0,6z\"\/>\n<\/svg>\t\t<\/div>\n\t\t<div class=\"elementor-element elementor-element-c1dd3ac e-con-full e-flex e-con e-child\" data-id=\"c1dd3ac\" data-element_type=\"container\">\n\t\t\t\t<div class=\"elementor-element elementor-element-00ac959 elementor-widget elementor-widget-image\" data-id=\"00ac959\" data-element_type=\"widget\" data-widget_type=\"image.default\">\n\t\t\t\t<div class=\"elementor-widget-container\">\n\t\t\t\t\t\t\t\t\t\t\t\t\t\t\t\t<a href=\"https:\/\/www.heimo.fi\/en\/blog\/tapahtumat\/heimon-kesaleirit-2026\/\" target=\"_blank\" rel=\"noopener\">\n\t\t\t\t\t\t\t<img decoding=\"async\" width=\"1024\" height=\"546\" src=\"https:\/\/westendindians.fi\/wp-content\/uploads\/2026\/01\/kesaleirit-banneri-1.jpeg\" class=\"attachment-large size-large wp-image-15810\" alt=\"\" srcset=\"https:\/\/westendindians.fi\/wp-content\/uploads\/2026\/01\/kesaleirit-banneri-1.jpeg 1024w, https:\/\/westendindians.fi\/wp-content\/uploads\/2026\/01\/kesaleirit-banneri-1-300x160.jpeg 300w, https:\/\/westendindians.fi\/wp-content\/uploads\/2026\/01\/kesaleirit-banneri-1-768x410.jpeg 768w, https:\/\/westendindians.fi\/wp-content\/uploads\/2026\/01\/kesaleirit-banneri-1-18x10.jpeg 18w\" sizes=\"(max-width: 1024px) 100vw, 1024px\" \/>\t\t\t\t\t\t\t\t<\/a>\n\t\t\t\t\t\t\t\t\t\t\t\t\t\t\t<\/div>\n\t\t\t\t<\/div>\n\t\t\t\t<\/div>\n\t\t\t\t<\/div>\n\t\t\t\t<\/div>","protected":false},"excerpt":{"rendered":"<p>HEIMON FUTIS-STARTTIRYM\u00c4T &#8211; TERVETULOA MUKAAN! Heimo Heimo on yksi Suomen ja Espoon suurimmista urheiluseurayhteis\u00f6ist\u00e4. Seuran keltamustissa v\u00e4reiss\u00e4 liikkuu viikoittain yli [&hellip;]<\/p>","protected":false},"author":2,"featured_media":0,"parent":10128,"menu_order":0,"comment_status":"closed","ping_status":"closed","template":"","meta":{"_acf_changed":false,"site-sidebar-layout":"no-sidebar","site-content-layout":"","ast-site-content-layout":"full-width-container","site-content-style":"default","site-sidebar-style":"default","ast-global-header-display":"","ast-banner-title-visibility":"","ast-main-header-display":"","ast-hfb-above-header-display":"","ast-hfb-below-header-display":"","ast-hfb-mobile-header-display":"","site-post-title":"","ast-breadcrumbs-content":"","ast-featured-img":"","footer-sml-layout":"","theme-transparent-header-meta":"default","adv-header-id-meta":"","stick-header-meta":"","header-above-stick-meta":"","header-main-stick-meta":"","header-below-stick-meta":"","astra-migrate-meta-layouts":"set","ast-page-background-enabled":"default","ast-page-background-meta":{"desktop":{"background-color":"var(--ast-global-color-4)","background-image":"","background-repeat":"repeat","background-position":"center center","background-size":"auto","background-attachment":"scroll","background-type":"","background-media":"","overlay-type":"","overlay-color":"","overlay-opacity":"","overlay-gradient":""},"tablet":{"background-color":"","background-image":"","background-repeat":"repeat","background-position":"center center","background-size":"auto","background-attachment":"scroll","background-type":"","background-media":"","overlay-type":"","overlay-color":"","overlay-opacity":"","overlay-gradient":""},"mobile":{"background-color":"","background-image":"","background-repeat":"repeat","background-position":"center center","background-size":"auto","background-attachment":"scroll","background-type":"","background-media":"","overlay-type":"","overlay-color":"","overlay-opacity":"","overlay-gradient":""}},"ast-content-background-meta":{"desktop":{"background-color":"var(--ast-global-color-5)","background-image":"","background-repeat":"repeat","background-position":"center center","background-size":"auto","background-attachment":"scroll","background-type":"","background-media":"","overlay-type":"","overlay-color":"","overlay-opacity":"","overlay-gradient":""},"tablet":{"background-color":"var(--ast-global-color-5)","background-image":"","background-repeat":"repeat","background-position":"center center","background-size":"auto","background-attachment":"scroll","background-type":"","background-media":"","overlay-type":"","overlay-color":"","overlay-opacity":"","overlay-gradient":""},"mobile":{"background-color":"var(--ast-global-color-5)","background-image":"","background-repeat":"repeat","background-position":"center center","background-size":"auto","background-attachment":"scroll","background-type":"","background-media":"","overlay-type":"","overlay-color":"","overlay-opacity":"","overlay-gradient":""}},"footnotes":""},"class_list":["post-15955","page","type-page","status-publish","hentry"],"acf":[],"publishpress_future_action":{"enabled":false,"date":"2026-04-22 06:45:03","action":"change-status","newStatus":"draft","terms":[],"taxonomy":"","extraData":[]},"publishpress_future_workflow_manual_trigger":{"enabledWorkflows":[]},"_links":{"self":[{"href":"https:\/\/www.heimo.fi\/en\/wp-json\/wp\/v2\/pages\/15955","targetHints":{"allow":["GET"]}}],"collection":[{"href":"https:\/\/www.heimo.fi\/en\/wp-json\/wp\/v2\/pages"}],"about":[{"href":"https:\/\/www.heimo.fi\/en\/wp-json\/wp\/v2\/types\/page"}],"author":[{"embeddable":true,"href":"https:\/\/www.heimo.fi\/en\/wp-json\/wp\/v2\/users\/2"}],"replies":[{"embeddable":true,"href":"https:\/\/www.heimo.fi\/en\/wp-json\/wp\/v2\/comments?post=15955"}],"version-history":[{"count":104,"href":"https:\/\/www.heimo.fi\/en\/wp-json\/wp\/v2\/pages\/15955\/revisions"}],"predecessor-version":[{"id":17136,"href":"https:\/\/www.heimo.fi\/en\/wp-json\/wp\/v2\/pages\/15955\/revisions\/17136"}],"up":[{"embeddable":true,"href":"https:\/\/www.heimo.fi\/en\/wp-json\/wp\/v2\/pages\/10128"}],"wp:attachment":[{"href":"https:\/\/www.heimo.fi\/en\/wp-json\/wp\/v2\/media?parent=15955"}],"curies":[{"name":"wp","href":"https:\/\/api.w.org\/{rel}","templated":true}]}}