{"id":13970,"date":"2025-06-10T16:07:43","date_gmt":"2025-06-10T16:07:43","guid":{"rendered":"https:\/\/westendindians.fi\/?page_id=13970"},"modified":"2026-01-08T09:19:49","modified_gmt":"2026-01-08T09:19:49","slug":"junnupolku","status":"publish","type":"page","link":"https:\/\/www.heimo.fi\/en\/salibandy\/junnupolku\/","title":{"rendered":"JUNNUPOLKU"},"content":{"rendered":"<div data-elementor-type=\"wp-page\" data-elementor-id=\"13970\" class=\"elementor elementor-13970\" data-elementor-post-type=\"page\">\n\t\t\t\t<div class=\"elementor-element elementor-element-34a9552 e-flex e-con-boxed e-con e-parent\" data-id=\"34a9552\" data-element_type=\"container\" data-settings=\"{&quot;background_background&quot;:&quot;classic&quot;,&quot;shape_divider_bottom&quot;:&quot;tilt&quot;}\">\n\t\t\t\t\t<div class=\"e-con-inner\">\n\t\t\t\t<div class=\"elementor-shape elementor-shape-bottom\" aria-hidden=\"true\" data-negative=\"false\">\n\t\t\t<svg xmlns=\"http:\/\/www.w3.org\/2000\/svg\" viewbox=\"0 0 1000 100\" preserveaspectratio=\"none\">\n\t<path class=\"elementor-shape-fill\" d=\"M0,6V0h1000v100L0,6z\"\/>\n<\/svg>\t\t<\/div>\n\t\t\t\t\t<\/div>\n\t\t\t\t<\/div>\n\t\t<div class=\"elementor-element elementor-element-16239d2 e-flex e-con-boxed e-con e-parent\" data-id=\"16239d2\" data-element_type=\"container\" data-settings=\"{&quot;background_background&quot;:&quot;classic&quot;,&quot;shape_divider_top&quot;:&quot;tilt&quot;}\">\n\t\t\t\t\t<div class=\"e-con-inner\">\n\t\t\t\t<div class=\"elementor-shape elementor-shape-top\" aria-hidden=\"true\" data-negative=\"false\">\n\t\t\t<svg xmlns=\"http:\/\/www.w3.org\/2000\/svg\" viewbox=\"0 0 1000 100\" preserveaspectratio=\"none\">\n\t<path class=\"elementor-shape-fill\" d=\"M0,6V0h1000v100L0,6z\"\/>\n<\/svg>\t\t<\/div>\n\t\t\t\t<div class=\"elementor-element elementor-element-f3ba4bf elementor-widget elementor-widget-heading\" data-id=\"f3ba4bf\" data-element_type=\"widget\" data-widget_type=\"heading.default\">\n\t\t\t\t<div class=\"elementor-widget-container\">\n\t\t\t\t\t<h2 class=\"elementor-heading-title elementor-size-default\">HEIMON JUNIORIPOLUN POIKAJOUKKUEET\n- POJAT 2015 JA POJAT 2016<\/h2>\t\t\t\t<\/div>\n\t\t\t\t<\/div>\n\t\t\t\t<div class=\"elementor-element elementor-element-5803922 elementor-widget elementor-widget-image\" data-id=\"5803922\" data-element_type=\"widget\" data-widget_type=\"image.default\">\n\t\t\t\t<div class=\"elementor-widget-container\">\n\t\t\t\t\t\t\t\t\t\t\t\t\t\t\t<img fetchpriority=\"high\" decoding=\"async\" width=\"300\" height=\"170\" src=\"https:\/\/www.heimo.fi\/wp-content\/uploads\/2026\/01\/Atelje-teksti-300x170.png\" class=\"attachment-medium size-medium wp-image-15428\" alt=\"\" srcset=\"https:\/\/www.heimo.fi\/wp-content\/uploads\/2026\/01\/Atelje-teksti-300x170.png 300w, https:\/\/www.heimo.fi\/wp-content\/uploads\/2026\/01\/Atelje-teksti-1024x581.png 1024w, https:\/\/www.heimo.fi\/wp-content\/uploads\/2026\/01\/Atelje-teksti-768x435.png 768w, https:\/\/www.heimo.fi\/wp-content\/uploads\/2026\/01\/Atelje-teksti-18x10.png 18w, https:\/\/www.heimo.fi\/wp-content\/uploads\/2026\/01\/Atelje-teksti.png 1270w\" sizes=\"(max-width: 300px) 100vw, 300px\" \/>\t\t\t\t\t\t\t\t\t\t\t\t\t\t\t<\/div>\n\t\t\t\t<\/div>\n\t\t\t\t<div class=\"elementor-element elementor-element-29cd0b0 elementor-widget elementor-widget-text-editor\" data-id=\"29cd0b0\" data-element_type=\"widget\" data-widget_type=\"text-editor.default\">\n\t\t\t\t<div class=\"elementor-widget-container\">\n\t\t\t\t\t\t\t\t\t<div class=\"elementToProof\" data-ogsc=\"rgb(0, 0, 0)\"><p>Heimon junioripolun joukkueet ovat tarkoitettu pelureille, jotka haluavat l\u00e4hte\u00e4 Heimon joukkuetoimintaan mukaan. Meill\u00e4 toimitaan laadukkaasti, pelataan jokaisen tavoitteita kunnioittaen ja pidet\u00e4\u00e4n samalla hauskaa! Tarjoamme lapsille erinomaisen ymp\u00e4rist\u00f6n oppia salibandytaitoja ja kasvaa joukkuepelaajina.<\/p><p><span class=\"s2\">Treeneihin mahtuu mukaan uusia <\/span><span class=\"s2\">ja kaiken tasoisia <\/span><span class=\"s2\">pelaajia, j<\/span><span class=\"s2\">oten<\/span><span class=\"s2\"> toivotamme innokkaat lapset l\u00e4mpim\u00e4sti tervetulleiksi kokeilemaan!<\/span><\/p><p><strong>Tarkemmin joukkueiden toimintaan voit tutustua suoraan ryhmien omilta sivuilta, josta l\u00f6yd\u00e4t my\u00f6s yhteyshenkil\u00f6iden tiedot<\/strong><\/p><\/div>\t\t\t\t\t\t\t\t<\/div>\n\t\t\t\t<\/div>\n\t\t<div class=\"elementor-element elementor-element-34c285e e-grid e-con-full e-con e-child\" data-id=\"34c285e\" data-element_type=\"container\">\n\t\t\t\t<div class=\"elementor-element elementor-element-3d61fe1 elementor-widget elementor-widget-image\" data-id=\"3d61fe1\" data-element_type=\"widget\" data-widget_type=\"image.default\">\n\t\t\t\t<div class=\"elementor-widget-container\">\n\t\t\t\t\t\t\t\t\t\t\t\t<figure class=\"wp-caption\">\n\t\t\t\t\t\t\t\t\t\t\t<a href=\"https:\/\/westendindians.fi\/blog\/loyda-joukkueesi\/p11-black-2\/\" target=\"_blank\" rel=\"noopener\">\n\t\t\t\t\t\t\t<img decoding=\"async\" src=\"https:\/\/westendindians.fi\/wp-content\/uploads\/2024\/09\/ryhma__P11_Black-1024x683.jpg\" title=\"\" alt=\"\" loading=\"lazy\" \/>\t\t\t\t\t\t\t\t<\/a>\n\t\t\t\t\t\t\t\t\t\t\t<figcaption class=\"widget-image-caption wp-caption-text\">P11-black<\/figcaption>\n\t\t\t\t\t\t\t\t\t\t<\/figure>\n\t\t\t\t\t\t\t\t\t<\/div>\n\t\t\t\t<\/div>\n\t\t\t\t<div class=\"elementor-element elementor-element-290ce9e elementor-widget elementor-widget-image\" data-id=\"290ce9e\" data-element_type=\"widget\" data-widget_type=\"image.default\">\n\t\t\t\t<div class=\"elementor-widget-container\">\n\t\t\t\t\t\t\t\t\t\t\t\t<figure class=\"wp-caption\">\n\t\t\t\t\t\t\t\t\t\t\t<a href=\"https:\/\/westendindians.fi\/blog\/loyda-joukkueesi\/p10-black\/\" target=\"_blank\" rel=\"noopener\">\n\t\t\t\t\t\t\t<img decoding=\"async\" src=\"https:\/\/westendindians.fi\/wp-content\/uploads\/2024\/09\/ryhma__P10_Black-1024x683.jpg\" title=\"\" alt=\"\" loading=\"lazy\" \/>\t\t\t\t\t\t\t\t<\/a>\n\t\t\t\t\t\t\t\t\t\t\t<figcaption class=\"widget-image-caption wp-caption-text\">P10-black<\/figcaption>\n\t\t\t\t\t\t\t\t\t\t<\/figure>\n\t\t\t\t\t\t\t\t\t<\/div>\n\t\t\t\t<\/div>\n\t\t\t\t<\/div>\n\t\t\t\t<div class=\"elementor-element elementor-element-652b7c7 elementor-widget elementor-widget-text-editor\" data-id=\"652b7c7\" data-element_type=\"widget\" data-widget_type=\"text-editor.default\">\n\t\t\t\t<div class=\"elementor-widget-container\">\n\t\t\t\t\t\t\t\t\t<div data-ogsc=\"rgb(0, 0, 0)\"><p>Junioripolun alussa joukkueet harjoittelevat 2-3 krt viikossa. Pelien osalta joukkueet osallistuvat Etel\u00e4-Suomen alueen sarjoihin useammalla peliryhm\u00e4ll\u00e4.<\/p><p>Haluamme, ett\u00e4 jokainen lapsi kehittyy kokonaisvaltaisesti. Harjoittelumme yhdist\u00e4\u00e4 lajiteknisten taitojen hiomista, pelik\u00e4sityksen kehitt\u00e4mist\u00e4 ja joukkuepelaamisen opettamista. Fyysisess\u00e4 harjoittelussa korostamme nopeuden, ketteryyden ja kest\u00e4vyyden kehitt\u00e4mist\u00e4 hauskoilla,innostavilla ja monipuolisilla tavoilla. Arvostamme lasten kehityksess\u00e4 my\u00f6s monilajisuutta.<\/p><p>Kaikki toiminta ei py\u00f6ri pelk\u00e4st\u00e4\u00e4n treenaamisen ja pelaamisen ymp\u00e4rill\u00e4, joukkueet viett\u00e4v\u00e4t my\u00f6s aikaa yhdess\u00e4 kent\u00e4n ulkopuolella erilaisien tapahtumien merkeiss\u00e4. Laadukas valmennus luo turvallisen ymp\u00e4rist\u00f6n, jossa lapset oppivat urheilun pelis\u00e4\u00e4nt\u00f6j\u00e4, joukkuehenke\u00e4 ja nauttivat onnistumisista yhdess\u00e4.<\/p><p><strong><span class=\"s2\">Toiminnan arvot ja toimintatavat:<\/span><\/strong><\/p><ul><li><span class=\"s2\"><strong>Tiedostava<\/strong>\u00a0<\/span>Tied\u00e4mme aina, miten ja miksi teemme asioita. Lapsen oman ajattelun ja p\u00e4\u00e4t\u00f6ksenteon kehittyminen on meille t\u00e4rke\u00e4\u00e4.<\/li><li><span class=\"s2\"><strong>Sitoutunut ty\u00f6ntekoon<\/strong>\u00a0<\/span>Arvostamme harjoittelussa sek\u00e4 pelaamisessa yritt\u00e4misen merkityst\u00e4 sek\u00e4 sit\u00e4 ett\u00e4 lapsi oppii asettamaan tavoitteita ja ty\u00f6skentelem\u00e4\u00e4n sinnikk\u00e4\u00e4sti niiden saavuttamiseksi.<\/li><li><span class=\"s2\"><strong>Yhteis\u00f6llinen<\/strong>\u00a0<\/span>Jokainen on t\u00e4rke\u00e4 osa Heimoa. Lapsia ohjataan toimimaan erilaisten persoonien kanssa ja he saavat mahdollisuuden tutustua uusiin yst\u00e4viin.<span class=\"s2\">\u00a0<\/span><\/li><\/ul><\/div><div data-ogsc=\"rgb(0, 0, 0)\"><strong>P11-joukkue<\/strong>: Jani Komsi | <a href=\"mailto:jani.komsi@heimo.fi\">jani.komsi@heimo.fi<\/a> | p. \u202a+358 40 596 6468<\/div><div data-ogsc=\"rgb(0, 0, 0)\">\u00a0<\/div><div data-ogsc=\"rgb(0, 0, 0)\"><strong>P10-joukkue<\/strong>: Sebastian Kl\u00e4rich | <a href=\"mailto:sebastian.klarich@heimo.fi\">sebastian.klarich@heimo.fi<\/a> | p. \u202a+358 50 567 1712<\/div>\t\t\t\t\t\t\t\t<\/div>\n\t\t\t\t<\/div>\n\t\t\t\t\t<\/div>\n\t\t\t\t<\/div>\n\t\t<div class=\"elementor-element elementor-element-36e7b5f e-con-full e-flex e-con e-parent\" data-id=\"36e7b5f\" data-element_type=\"container\" data-settings=\"{&quot;background_background&quot;:&quot;classic&quot;,&quot;shape_divider_top&quot;:&quot;tilt&quot;}\">\n\t\t\t\t<div class=\"elementor-shape elementor-shape-top\" aria-hidden=\"true\" data-negative=\"false\">\n\t\t\t<svg xmlns=\"http:\/\/www.w3.org\/2000\/svg\" viewbox=\"0 0 1000 100\" preserveaspectratio=\"none\">\n\t<path class=\"elementor-shape-fill\" d=\"M0,6V0h1000v100L0,6z\"\/>\n<\/svg>\t\t<\/div>\n\t\t<div class=\"elementor-element elementor-element-92b11c7 e-grid e-con-full e-con e-child\" data-id=\"92b11c7\" data-element_type=\"container\">\n\t\t\t\t<div class=\"elementor-element elementor-element-d0342ce elementor-widget elementor-widget-image\" data-id=\"d0342ce\" data-element_type=\"widget\" data-widget_type=\"image.default\">\n\t\t\t\t<div class=\"elementor-widget-container\">\n\t\t\t\t\t\t\t\t\t\t\t\t\t\t\t<img decoding=\"async\" width=\"512\" height=\"512\" src=\"https:\/\/www.heimo.fi\/wp-content\/uploads\/2025\/06\/poikakuva6-512x512-1.png\" class=\"attachment-large size-large wp-image-14135\" alt=\"\" srcset=\"https:\/\/www.heimo.fi\/wp-content\/uploads\/2025\/06\/poikakuva6-512x512-1.png 512w, https:\/\/www.heimo.fi\/wp-content\/uploads\/2025\/06\/poikakuva6-512x512-1-300x300.png 300w, https:\/\/www.heimo.fi\/wp-content\/uploads\/2025\/06\/poikakuva6-512x512-1-150x150.png 150w, https:\/\/www.heimo.fi\/wp-content\/uploads\/2025\/06\/poikakuva6-512x512-1-12x12.png 12w\" sizes=\"(max-width: 512px) 100vw, 512px\" \/>\t\t\t\t\t\t\t\t\t\t\t\t\t\t\t<\/div>\n\t\t\t\t<\/div>\n\t\t\t\t<div class=\"elementor-element elementor-element-a2a6fbc elementor-widget elementor-widget-image\" data-id=\"a2a6fbc\" data-element_type=\"widget\" data-widget_type=\"image.default\">\n\t\t\t\t<div class=\"elementor-widget-container\">\n\t\t\t\t\t\t\t\t\t\t\t\t\t\t\t<img decoding=\"async\" width=\"512\" height=\"512\" src=\"https:\/\/www.heimo.fi\/wp-content\/uploads\/2025\/06\/poikakuva8-512x512-1.png\" class=\"attachment-large size-large wp-image-14137\" alt=\"\" srcset=\"https:\/\/www.heimo.fi\/wp-content\/uploads\/2025\/06\/poikakuva8-512x512-1.png 512w, https:\/\/www.heimo.fi\/wp-content\/uploads\/2025\/06\/poikakuva8-512x512-1-300x300.png 300w, https:\/\/www.heimo.fi\/wp-content\/uploads\/2025\/06\/poikakuva8-512x512-1-150x150.png 150w, https:\/\/www.heimo.fi\/wp-content\/uploads\/2025\/06\/poikakuva8-512x512-1-12x12.png 12w\" sizes=\"(max-width: 512px) 100vw, 512px\" \/>\t\t\t\t\t\t\t\t\t\t\t\t\t\t\t<\/div>\n\t\t\t\t<\/div>\n\t\t\t\t<div class=\"elementor-element elementor-element-67dd5e2 elementor-widget elementor-widget-image\" data-id=\"67dd5e2\" data-element_type=\"widget\" data-widget_type=\"image.default\">\n\t\t\t\t<div class=\"elementor-widget-container\">\n\t\t\t\t\t\t\t\t\t\t\t\t\t\t\t<img loading=\"lazy\" decoding=\"async\" width=\"512\" height=\"512\" src=\"https:\/\/www.heimo.fi\/wp-content\/uploads\/2025\/06\/poikakuva1-512x512-1.png\" class=\"attachment-large size-large wp-image-14124\" alt=\"\" srcset=\"https:\/\/www.heimo.fi\/wp-content\/uploads\/2025\/06\/poikakuva1-512x512-1.png 512w, https:\/\/www.heimo.fi\/wp-content\/uploads\/2025\/06\/poikakuva1-512x512-1-300x300.png 300w, https:\/\/www.heimo.fi\/wp-content\/uploads\/2025\/06\/poikakuva1-512x512-1-150x150.png 150w, https:\/\/www.heimo.fi\/wp-content\/uploads\/2025\/06\/poikakuva1-512x512-1-12x12.png 12w\" sizes=\"(max-width: 512px) 100vw, 512px\" \/>\t\t\t\t\t\t\t\t\t\t\t\t\t\t\t<\/div>\n\t\t\t\t<\/div>\n\t\t\t\t<div class=\"elementor-element elementor-element-7b72657 elementor-widget elementor-widget-image\" data-id=\"7b72657\" data-element_type=\"widget\" data-widget_type=\"image.default\">\n\t\t\t\t<div class=\"elementor-widget-container\">\n\t\t\t\t\t\t\t\t\t\t\t\t\t\t\t<img loading=\"lazy\" decoding=\"async\" width=\"512\" height=\"512\" src=\"https:\/\/www.heimo.fi\/wp-content\/uploads\/2025\/06\/poikakuva7-512x512-1.png\" class=\"attachment-large size-large wp-image-14136\" alt=\"\" srcset=\"https:\/\/www.heimo.fi\/wp-content\/uploads\/2025\/06\/poikakuva7-512x512-1.png 512w, https:\/\/www.heimo.fi\/wp-content\/uploads\/2025\/06\/poikakuva7-512x512-1-300x300.png 300w, https:\/\/www.heimo.fi\/wp-content\/uploads\/2025\/06\/poikakuva7-512x512-1-150x150.png 150w, https:\/\/www.heimo.fi\/wp-content\/uploads\/2025\/06\/poikakuva7-512x512-1-12x12.png 12w\" sizes=\"(max-width: 512px) 100vw, 512px\" \/>\t\t\t\t\t\t\t\t\t\t\t\t\t\t\t<\/div>\n\t\t\t\t<\/div>\n\t\t\t\t<\/div>\n\t\t\t\t<\/div>\n\t\t\t\t<\/div>","protected":false},"excerpt":{"rendered":"<p>HEIMON JUNIORIPOLUN POIKAJOUKKUEET &#8211; POJAT 2015 JA POJAT 2016 Heimon junioripolun joukkueet ovat tarkoitettu pelureille, jotka haluavat l\u00e4hte\u00e4 Heimon joukkuetoimintaan [&hellip;]<\/p>","protected":false},"author":2,"featured_media":0,"parent":51,"menu_order":0,"comment_status":"closed","ping_status":"closed","template":"","meta":{"_acf_changed":false,"site-sidebar-layout":"no-sidebar","site-content-layout":"","ast-site-content-layout":"full-width-container","site-content-style":"default","site-sidebar-style":"default","ast-global-header-display":"","ast-banner-title-visibility":"","ast-main-header-display":"","ast-hfb-above-header-display":"","ast-hfb-below-header-display":"","ast-hfb-mobile-header-display":"","site-post-title":"","ast-breadcrumbs-content":"","ast-featured-img":"","footer-sml-layout":"","theme-transparent-header-meta":"default","adv-header-id-meta":"","stick-header-meta":"","header-above-stick-meta":"","header-main-stick-meta":"","header-below-stick-meta":"","astra-migrate-meta-layouts":"set","ast-page-background-enabled":"default","ast-page-background-meta":{"desktop":{"background-color":"var(--ast-global-color-4)","background-image":"","background-repeat":"repeat","background-position":"center center","background-size":"auto","background-attachment":"scroll","background-type":"","background-media":"","overlay-type":"","overlay-color":"","overlay-opacity":"","overlay-gradient":""},"tablet":{"background-color":"","background-image":"","background-repeat":"repeat","background-position":"center center","background-size":"auto","background-attachment":"scroll","background-type":"","background-media":"","overlay-type":"","overlay-color":"","overlay-opacity":"","overlay-gradient":""},"mobile":{"background-color":"","background-image":"","background-repeat":"repeat","background-position":"center center","background-size":"auto","background-attachment":"scroll","background-type":"","background-media":"","overlay-type":"","overlay-color":"","overlay-opacity":"","overlay-gradient":""}},"ast-content-background-meta":{"desktop":{"background-color":"var(--ast-global-color-5)","background-image":"","background-repeat":"repeat","background-position":"center center","background-size":"auto","background-attachment":"scroll","background-type":"","background-media":"","overlay-type":"","overlay-color":"","overlay-opacity":"","overlay-gradient":""},"tablet":{"background-color":"var(--ast-global-color-5)","background-image":"","background-repeat":"repeat","background-position":"center center","background-size":"auto","background-attachment":"scroll","background-type":"","background-media":"","overlay-type":"","overlay-color":"","overlay-opacity":"","overlay-gradient":""},"mobile":{"background-color":"var(--ast-global-color-5)","background-image":"","background-repeat":"repeat","background-position":"center center","background-size":"auto","background-attachment":"scroll","background-type":"","background-media":"","overlay-type":"","overlay-color":"","overlay-opacity":"","overlay-gradient":""}},"footnotes":""},"class_list":["post-13970","page","type-page","status-publish","hentry"],"acf":[],"publishpress_future_action":{"enabled":false,"date":"2026-04-21 18:15:55","action":"change-status","newStatus":"draft","terms":[],"taxonomy":"","extraData":[]},"publishpress_future_workflow_manual_trigger":{"enabledWorkflows":[]},"_links":{"self":[{"href":"https:\/\/www.heimo.fi\/en\/wp-json\/wp\/v2\/pages\/13970","targetHints":{"allow":["GET"]}}],"collection":[{"href":"https:\/\/www.heimo.fi\/en\/wp-json\/wp\/v2\/pages"}],"about":[{"href":"https:\/\/www.heimo.fi\/en\/wp-json\/wp\/v2\/types\/page"}],"author":[{"embeddable":true,"href":"https:\/\/www.heimo.fi\/en\/wp-json\/wp\/v2\/users\/2"}],"replies":[{"embeddable":true,"href":"https:\/\/www.heimo.fi\/en\/wp-json\/wp\/v2\/comments?post=13970"}],"version-history":[{"count":31,"href":"https:\/\/www.heimo.fi\/en\/wp-json\/wp\/v2\/pages\/13970\/revisions"}],"predecessor-version":[{"id":15439,"href":"https:\/\/www.heimo.fi\/en\/wp-json\/wp\/v2\/pages\/13970\/revisions\/15439"}],"up":[{"embeddable":true,"href":"https:\/\/www.heimo.fi\/en\/wp-json\/wp\/v2\/pages\/51"}],"wp:attachment":[{"href":"https:\/\/www.heimo.fi\/en\/wp-json\/wp\/v2\/media?parent=13970"}],"curies":[{"name":"wp","href":"https:\/\/api.w.org\/{rel}","templated":true}]}}