{"id":13841,"date":"2025-06-04T20:09:31","date_gmt":"2025-06-04T20:09:31","guid":{"rendered":"https:\/\/westendindians.fi\/?page_id=13841"},"modified":"2025-06-24T16:16:10","modified_gmt":"2025-06-24T16:16:10","slug":"poikasaba","status":"publish","type":"page","link":"https:\/\/www.heimo.fi\/en\/salibandy\/poikasaba\/","title":{"rendered":"POIKASALIBANDY"},"content":{"rendered":"<div data-elementor-type=\"wp-page\" data-elementor-id=\"13841\" class=\"elementor elementor-13841\" data-elementor-post-type=\"page\">\n\t\t\t\t<div class=\"elementor-element elementor-element-34a9552 e-flex e-con-boxed e-con e-parent\" data-id=\"34a9552\" data-element_type=\"container\" data-settings=\"{&quot;background_background&quot;:&quot;classic&quot;,&quot;shape_divider_bottom&quot;:&quot;tilt&quot;}\">\n\t\t\t\t\t<div class=\"e-con-inner\">\n\t\t\t\t<div class=\"elementor-shape elementor-shape-bottom\" aria-hidden=\"true\" data-negative=\"false\">\n\t\t\t<svg xmlns=\"http:\/\/www.w3.org\/2000\/svg\" viewbox=\"0 0 1000 100\" preserveaspectratio=\"none\">\n\t<path class=\"elementor-shape-fill\" d=\"M0,6V0h1000v100L0,6z\"\/>\n<\/svg>\t\t<\/div>\n\t\t\t\t\t<\/div>\n\t\t\t\t<\/div>\n\t\t<div class=\"elementor-element elementor-element-16239d2 e-flex e-con-boxed e-con e-parent\" data-id=\"16239d2\" data-element_type=\"container\" data-settings=\"{&quot;background_background&quot;:&quot;classic&quot;,&quot;shape_divider_top&quot;:&quot;tilt&quot;}\">\n\t\t\t\t\t<div class=\"e-con-inner\">\n\t\t\t\t<div class=\"elementor-shape elementor-shape-top\" aria-hidden=\"true\" data-negative=\"false\">\n\t\t\t<svg xmlns=\"http:\/\/www.w3.org\/2000\/svg\" viewbox=\"0 0 1000 100\" preserveaspectratio=\"none\">\n\t<path class=\"elementor-shape-fill\" d=\"M0,6V0h1000v100L0,6z\"\/>\n<\/svg>\t\t<\/div>\n\t\t\t\t<div class=\"elementor-element elementor-element-f3ba4bf elementor-widget elementor-widget-heading\" data-id=\"f3ba4bf\" data-element_type=\"widget\" data-widget_type=\"heading.default\">\n\t\t\t\t<div class=\"elementor-widget-container\">\n\t\t\t\t\t<h2 class=\"elementor-heading-title elementor-size-default\">Etsitk\u00f6 uutta harrastusta ja hyv\u00e4\u00e4 porukkaa?<\/h2>\t\t\t\t<\/div>\n\t\t\t\t<\/div>\n\t\t\t\t<div class=\"elementor-element elementor-element-29cd0b0 elementor-widget elementor-widget-text-editor\" data-id=\"29cd0b0\" data-element_type=\"widget\" data-widget_type=\"text-editor.default\">\n\t\t\t\t<div class=\"elementor-widget-container\">\n\t\t\t\t\t\t\t\t\t<div class=\"elementToProof\" data-ogsc=\"rgb(0, 0, 0)\"><p><strong>Tuu messiin Heimon\u00a0<span class=\"s2\">N<\/span><span class=\"s2\">uorten <\/span><span class=\"s2\">H<\/span><span class=\"s2\">arrastes\u00e4b\u00e4\u00e4n<\/span>!<\/strong> <span class=\"s3\">\ud83d\udca5<\/span><\/p><p>Heimon harrastejoukkueet on kevyempi ja rennompi vaihtoehto kilpajoukkueille \u2013 v\u00e4hemm\u00e4n stressi\u00e4, enemm\u00e4n hauskaa. Mukaan p\u00e4\u00e4see helposti, olit sitten ekaa kertaa maila k\u00e4dess\u00e4 tai jo v\u00e4h\u00e4n pelannut. Ja mik\u00e4 parasta: harrastaminen on edullista, mutta meininki silti laadukasta.<\/p><p>Meill\u00e4 p\u00e4\u00e4set pelaamaan ja kehittym\u00e4\u00e4n omalla tahdilla \u2013 olit sitten vasta-alkaja tai jo v\u00e4h\u00e4n kokeneempi pelaaja, jota kilpailullinen pelaaminen ei niin nappaa. Harrasteporukassa hiki tulee huomaamatta ja fiilis on katossa.<\/p><p>Heimossa on tarjolla harrasteryhmi\u00e4 eri ik\u00e4isille ja mukaan p\u00e4\u00e4see ilman aiempaa kokemusta.<\/p><p><span class=\"s3\">\ud83d\udc49<\/span> <strong>Tarkemmat ryhm\u00e4tiedot l\u00f6yd\u00e4t ryhmien omilta sivuilta:<\/strong><\/p><\/div>\t\t\t\t\t\t\t\t<\/div>\n\t\t\t\t<\/div>\n\t\t<div class=\"elementor-element elementor-element-34c285e e-grid e-con-full e-con e-child\" data-id=\"34c285e\" data-element_type=\"container\">\n\t\t\t\t<div class=\"elementor-element elementor-element-3d61fe1 elementor-widget elementor-widget-image\" data-id=\"3d61fe1\" data-element_type=\"widget\" data-widget_type=\"image.default\">\n\t\t\t\t<div class=\"elementor-widget-container\">\n\t\t\t\t\t\t\t\t\t\t\t\t<figure class=\"wp-caption\">\n\t\t\t\t\t\t\t\t\t\t\t<a href=\"https:\/\/westendindians.fi\/blog\/loyda-joukkueesi\/c-d-pojat-harrastejoukkue-2009-2012\/\" target=\"_blank\" rel=\"noopener\">\n\t\t\t\t\t\t\t<img decoding=\"async\" src=\"https:\/\/westendindians.fi\/wp-content\/uploads\/2024\/08\/a-Bjun_m8Ucvui.jpeg\" title=\"\" alt=\"\" loading=\"lazy\" \/>\t\t\t\t\t\t\t\t<\/a>\n\t\t\t\t\t\t\t\t\t\t\t<figcaption class=\"widget-image-caption wp-caption-text\">Pojat harrastejoukkue (2009-2012)<\/figcaption>\n\t\t\t\t\t\t\t\t\t\t<\/figure>\n\t\t\t\t\t\t\t\t\t<\/div>\n\t\t\t\t<\/div>\n\t\t\t\t<div class=\"elementor-element elementor-element-290ce9e elementor-widget elementor-widget-image\" data-id=\"290ce9e\" data-element_type=\"widget\" data-widget_type=\"image.default\">\n\t\t\t\t<div class=\"elementor-widget-container\">\n\t\t\t\t\t\t\t\t\t\t\t\t<figure class=\"wp-caption\">\n\t\t\t\t\t\t\t\t\t\t\t<a href=\"https:\/\/westendindians.fi\/blog\/loyda-joukkueesi\/e-f-pojat-harrastejoukkue-2013-2016\/\" target=\"_blank\" rel=\"noopener\">\n\t\t\t\t\t\t\t<img decoding=\"async\" src=\"https:\/\/westendindians.fi\/wp-content\/uploads\/2024\/08\/WhatsApp-Image-2025-04-30-at-09.54.43.jpeg\" title=\"\" alt=\"\" loading=\"lazy\" \/>\t\t\t\t\t\t\t\t<\/a>\n\t\t\t\t\t\t\t\t\t\t\t<figcaption class=\"widget-image-caption wp-caption-text\">Pojat harrastejoukkue (2013-2016)<\/figcaption>\n\t\t\t\t\t\t\t\t\t\t<\/figure>\n\t\t\t\t\t\t\t\t\t<\/div>\n\t\t\t\t<\/div>\n\t\t\t\t<div class=\"elementor-element elementor-element-e132cf8 elementor-widget elementor-widget-image\" data-id=\"e132cf8\" data-element_type=\"widget\" data-widget_type=\"image.default\">\n\t\t\t\t<div class=\"elementor-widget-container\">\n\t\t\t\t\t\t\t\t\t\t\t\t<figure class=\"wp-caption\">\n\t\t\t\t\t\t\t\t\t\t\t<a href=\"https:\/\/westendindians.fi\/blog\/loyda-joukkueesi\/a-b-pojat-harrastejoukkue-2006-2008\/\" target=\"_blank\" rel=\"noopener\">\n\t\t\t\t\t\t\t<img decoding=\"async\" src=\"https:\/\/westendindians.fi\/wp-content\/uploads\/2024\/08\/Unknown-1.jpeg\" title=\"\" alt=\"\" loading=\"lazy\" \/>\t\t\t\t\t\t\t\t<\/a>\n\t\t\t\t\t\t\t\t\t\t\t<figcaption class=\"widget-image-caption wp-caption-text\">A-B-Pojat harrastejoukkue (2006-2008)<\/figcaption>\n\t\t\t\t\t\t\t\t\t\t<\/figure>\n\t\t\t\t\t\t\t\t\t<\/div>\n\t\t\t\t<\/div>\n\t\t\t\t<\/div>\n\t\t\t\t<div class=\"elementor-element elementor-element-652b7c7 elementor-widget elementor-widget-text-editor\" data-id=\"652b7c7\" data-element_type=\"widget\" data-widget_type=\"text-editor.default\">\n\t\t\t\t<div class=\"elementor-widget-container\">\n\t\t\t\t\t\t\t\t\t<div data-ogsc=\"rgb(0, 0, 0)\"><p>T\u00e4rkeint\u00e4 on hyv\u00e4 fiilis ja se, ett\u00e4 kent\u00e4ll\u00e4 on kivaa.<\/p><p><strong><span class=\"s2\">Kokeile rohkeasti \u2013 ehk\u00e4 <\/span><span class=\"s2\">t\u00e4\u00e4<\/span><span class=\"s2\"> on just <\/span><span class=\"s2\">sun<\/span><span class=\"s2\"> juttu!<\/span><\/strong><\/p><\/div><div data-ogsc=\"rgb(0, 0, 0)\">Sebastian Kl\u00e4rich | <a href=\"mailto:sebastian.klarich@heimo.fi\">sebastian.klarich@heimo.fi<\/a> | p. \u202a+358 50 567 1712<\/div>\t\t\t\t\t\t\t\t<\/div>\n\t\t\t\t<\/div>\n\t\t\t\t\t<\/div>\n\t\t\t\t<\/div>\n\t\t<div class=\"elementor-element elementor-element-066ed16 e-con-full e-flex e-con e-parent\" data-id=\"066ed16\" data-element_type=\"container\" data-settings=\"{&quot;background_background&quot;:&quot;classic&quot;,&quot;shape_divider_top&quot;:&quot;tilt&quot;}\">\n\t\t\t\t<div class=\"elementor-shape elementor-shape-top\" aria-hidden=\"true\" data-negative=\"false\">\n\t\t\t<svg xmlns=\"http:\/\/www.w3.org\/2000\/svg\" viewbox=\"0 0 1000 100\" preserveaspectratio=\"none\">\n\t<path class=\"elementor-shape-fill\" d=\"M0,6V0h1000v100L0,6z\"\/>\n<\/svg>\t\t<\/div>\n\t\t<div class=\"elementor-element elementor-element-27e0973 e-grid e-con-full e-con e-child\" data-id=\"27e0973\" data-element_type=\"container\">\n\t\t\t\t<div class=\"elementor-element elementor-element-0924f65 elementor-widget elementor-widget-image\" data-id=\"0924f65\" data-element_type=\"widget\" data-widget_type=\"image.default\">\n\t\t\t\t<div class=\"elementor-widget-container\">\n\t\t\t\t\t\t\t\t\t\t\t\t\t\t\t<img fetchpriority=\"high\" decoding=\"async\" width=\"512\" height=\"512\" src=\"https:\/\/www.heimo.fi\/wp-content\/uploads\/2025\/06\/poikakuva1-512x512-1.png\" class=\"attachment-large size-large wp-image-14124\" alt=\"\" srcset=\"https:\/\/www.heimo.fi\/wp-content\/uploads\/2025\/06\/poikakuva1-512x512-1.png 512w, https:\/\/www.heimo.fi\/wp-content\/uploads\/2025\/06\/poikakuva1-512x512-1-300x300.png 300w, https:\/\/www.heimo.fi\/wp-content\/uploads\/2025\/06\/poikakuva1-512x512-1-150x150.png 150w, https:\/\/www.heimo.fi\/wp-content\/uploads\/2025\/06\/poikakuva1-512x512-1-12x12.png 12w\" sizes=\"(max-width: 512px) 100vw, 512px\" \/>\t\t\t\t\t\t\t\t\t\t\t\t\t\t\t<\/div>\n\t\t\t\t<\/div>\n\t\t\t\t<div class=\"elementor-element elementor-element-2fd76c0 elementor-widget elementor-widget-image\" data-id=\"2fd76c0\" data-element_type=\"widget\" data-widget_type=\"image.default\">\n\t\t\t\t<div class=\"elementor-widget-container\">\n\t\t\t\t\t\t\t\t\t\t\t\t\t\t\t<img decoding=\"async\" width=\"512\" height=\"512\" src=\"https:\/\/www.heimo.fi\/wp-content\/uploads\/2025\/06\/poikakuva2-512x512-1.png\" class=\"attachment-large size-large wp-image-14125\" alt=\"\" srcset=\"https:\/\/www.heimo.fi\/wp-content\/uploads\/2025\/06\/poikakuva2-512x512-1.png 512w, https:\/\/www.heimo.fi\/wp-content\/uploads\/2025\/06\/poikakuva2-512x512-1-300x300.png 300w, https:\/\/www.heimo.fi\/wp-content\/uploads\/2025\/06\/poikakuva2-512x512-1-150x150.png 150w, https:\/\/www.heimo.fi\/wp-content\/uploads\/2025\/06\/poikakuva2-512x512-1-12x12.png 12w\" sizes=\"(max-width: 512px) 100vw, 512px\" \/>\t\t\t\t\t\t\t\t\t\t\t\t\t\t\t<\/div>\n\t\t\t\t<\/div>\n\t\t\t\t<div class=\"elementor-element elementor-element-3c82d63 elementor-widget elementor-widget-image\" data-id=\"3c82d63\" data-element_type=\"widget\" data-widget_type=\"image.default\">\n\t\t\t\t<div class=\"elementor-widget-container\">\n\t\t\t\t\t\t\t\t\t\t\t\t\t\t\t<img decoding=\"async\" width=\"512\" height=\"512\" src=\"https:\/\/www.heimo.fi\/wp-content\/uploads\/2025\/06\/poikakuva4-512x512-1.png\" class=\"attachment-large size-large wp-image-14127\" alt=\"\" srcset=\"https:\/\/www.heimo.fi\/wp-content\/uploads\/2025\/06\/poikakuva4-512x512-1.png 512w, https:\/\/www.heimo.fi\/wp-content\/uploads\/2025\/06\/poikakuva4-512x512-1-300x300.png 300w, https:\/\/www.heimo.fi\/wp-content\/uploads\/2025\/06\/poikakuva4-512x512-1-150x150.png 150w, https:\/\/www.heimo.fi\/wp-content\/uploads\/2025\/06\/poikakuva4-512x512-1-12x12.png 12w\" sizes=\"(max-width: 512px) 100vw, 512px\" \/>\t\t\t\t\t\t\t\t\t\t\t\t\t\t\t<\/div>\n\t\t\t\t<\/div>\n\t\t\t\t<div class=\"elementor-element elementor-element-5185888 elementor-widget elementor-widget-image\" data-id=\"5185888\" data-element_type=\"widget\" data-widget_type=\"image.default\">\n\t\t\t\t<div class=\"elementor-widget-container\">\n\t\t\t\t\t\t\t\t\t\t\t\t\t\t\t<img loading=\"lazy\" decoding=\"async\" width=\"512\" height=\"512\" src=\"https:\/\/www.heimo.fi\/wp-content\/uploads\/2025\/06\/poikakuva3-512x512-1.png\" class=\"attachment-large size-large wp-image-14126\" alt=\"\" srcset=\"https:\/\/www.heimo.fi\/wp-content\/uploads\/2025\/06\/poikakuva3-512x512-1.png 512w, https:\/\/www.heimo.fi\/wp-content\/uploads\/2025\/06\/poikakuva3-512x512-1-300x300.png 300w, https:\/\/www.heimo.fi\/wp-content\/uploads\/2025\/06\/poikakuva3-512x512-1-150x150.png 150w, https:\/\/www.heimo.fi\/wp-content\/uploads\/2025\/06\/poikakuva3-512x512-1-12x12.png 12w\" sizes=\"(max-width: 512px) 100vw, 512px\" \/>\t\t\t\t\t\t\t\t\t\t\t\t\t\t\t<\/div>\n\t\t\t\t<\/div>\n\t\t\t\t<\/div>\n\t\t\t\t<\/div>\n\t\t\t\t<\/div>","protected":false},"excerpt":{"rendered":"<p>Etsitk\u00f6 uutta harrastusta ja hyv\u00e4\u00e4 porukkaa? Tuu messiin Heimon\u00a0Nuorten Harrastes\u00e4b\u00e4\u00e4n! \ud83d\udca5 Heimon harrastejoukkueet on kevyempi ja rennompi vaihtoehto kilpajoukkueille \u2013 [&hellip;]<\/p>","protected":false},"author":2,"featured_media":0,"parent":51,"menu_order":0,"comment_status":"closed","ping_status":"closed","template":"","meta":{"_acf_changed":false,"site-sidebar-layout":"no-sidebar","site-content-layout":"","ast-site-content-layout":"full-width-container","site-content-style":"default","site-sidebar-style":"default","ast-global-header-display":"","ast-banner-title-visibility":"","ast-main-header-display":"","ast-hfb-above-header-display":"","ast-hfb-below-header-display":"","ast-hfb-mobile-header-display":"","site-post-title":"","ast-breadcrumbs-content":"","ast-featured-img":"","footer-sml-layout":"","theme-transparent-header-meta":"default","adv-header-id-meta":"","stick-header-meta":"","header-above-stick-meta":"","header-main-stick-meta":"","header-below-stick-meta":"","astra-migrate-meta-layouts":"set","ast-page-background-enabled":"default","ast-page-background-meta":{"desktop":{"background-color":"var(--ast-global-color-4)","background-image":"","background-repeat":"repeat","background-position":"center center","background-size":"auto","background-attachment":"scroll","background-type":"","background-media":"","overlay-type":"","overlay-color":"","overlay-opacity":"","overlay-gradient":""},"tablet":{"background-color":"","background-image":"","background-repeat":"repeat","background-position":"center center","background-size":"auto","background-attachment":"scroll","background-type":"","background-media":"","overlay-type":"","overlay-color":"","overlay-opacity":"","overlay-gradient":""},"mobile":{"background-color":"","background-image":"","background-repeat":"repeat","background-position":"center center","background-size":"auto","background-attachment":"scroll","background-type":"","background-media":"","overlay-type":"","overlay-color":"","overlay-opacity":"","overlay-gradient":""}},"ast-content-background-meta":{"desktop":{"background-color":"var(--ast-global-color-5)","background-image":"","background-repeat":"repeat","background-position":"center center","background-size":"auto","background-attachment":"scroll","background-type":"","background-media":"","overlay-type":"","overlay-color":"","overlay-opacity":"","overlay-gradient":""},"tablet":{"background-color":"var(--ast-global-color-5)","background-image":"","background-repeat":"repeat","background-position":"center center","background-size":"auto","background-attachment":"scroll","background-type":"","background-media":"","overlay-type":"","overlay-color":"","overlay-opacity":"","overlay-gradient":""},"mobile":{"background-color":"var(--ast-global-color-5)","background-image":"","background-repeat":"repeat","background-position":"center center","background-size":"auto","background-attachment":"scroll","background-type":"","background-media":"","overlay-type":"","overlay-color":"","overlay-opacity":"","overlay-gradient":""}},"footnotes":""},"class_list":["post-13841","page","type-page","status-publish","hentry"],"acf":[],"publishpress_future_action":{"enabled":false,"date":"2026-04-21 18:14:39","action":"change-status","newStatus":"draft","terms":[],"taxonomy":"","extraData":[]},"publishpress_future_workflow_manual_trigger":{"enabledWorkflows":[]},"_links":{"self":[{"href":"https:\/\/www.heimo.fi\/en\/wp-json\/wp\/v2\/pages\/13841","targetHints":{"allow":["GET"]}}],"collection":[{"href":"https:\/\/www.heimo.fi\/en\/wp-json\/wp\/v2\/pages"}],"about":[{"href":"https:\/\/www.heimo.fi\/en\/wp-json\/wp\/v2\/types\/page"}],"author":[{"embeddable":true,"href":"https:\/\/www.heimo.fi\/en\/wp-json\/wp\/v2\/users\/2"}],"replies":[{"embeddable":true,"href":"https:\/\/www.heimo.fi\/en\/wp-json\/wp\/v2\/comments?post=13841"}],"version-history":[{"count":17,"href":"https:\/\/www.heimo.fi\/en\/wp-json\/wp\/v2\/pages\/13841\/revisions"}],"predecessor-version":[{"id":14251,"href":"https:\/\/www.heimo.fi\/en\/wp-json\/wp\/v2\/pages\/13841\/revisions\/14251"}],"up":[{"embeddable":true,"href":"https:\/\/www.heimo.fi\/en\/wp-json\/wp\/v2\/pages\/51"}],"wp:attachment":[{"href":"https:\/\/www.heimo.fi\/en\/wp-json\/wp\/v2\/media?parent=13841"}],"curies":[{"name":"wp","href":"https:\/\/api.w.org\/{rel}","templated":true}]}}