{"id":13170,"date":"2025-04-08T14:37:06","date_gmt":"2025-04-08T14:37:06","guid":{"rendered":"https:\/\/westendindians.fi\/?page_id=13170"},"modified":"2026-01-27T08:38:46","modified_gmt":"2026-01-27T08:38:46","slug":"tyttosaba","status":"publish","type":"page","link":"https:\/\/www.heimo.fi\/en\/salibandy\/tyttosaba\/","title":{"rendered":"TYTT\u00d6SALIBANDY"},"content":{"rendered":"<div data-elementor-type=\"wp-page\" data-elementor-id=\"13170\" class=\"elementor elementor-13170\" data-elementor-post-type=\"page\">\n\t\t\t\t<div class=\"elementor-element elementor-element-34a9552 e-flex e-con-boxed e-con e-parent\" data-id=\"34a9552\" data-element_type=\"container\" data-settings=\"{&quot;background_background&quot;:&quot;classic&quot;,&quot;shape_divider_bottom&quot;:&quot;tilt&quot;}\">\n\t\t\t\t\t<div class=\"e-con-inner\">\n\t\t\t\t<div class=\"elementor-shape elementor-shape-bottom\" aria-hidden=\"true\" data-negative=\"false\">\n\t\t\t<svg xmlns=\"http:\/\/www.w3.org\/2000\/svg\" viewbox=\"0 0 1000 100\" preserveaspectratio=\"none\">\n\t<path class=\"elementor-shape-fill\" d=\"M0,6V0h1000v100L0,6z\"\/>\n<\/svg>\t\t<\/div>\n\t\t\t\t\t<\/div>\n\t\t\t\t<\/div>\n\t\t<div class=\"elementor-element elementor-element-16239d2 e-flex e-con-boxed e-con e-parent\" data-id=\"16239d2\" data-element_type=\"container\" data-settings=\"{&quot;background_background&quot;:&quot;classic&quot;,&quot;shape_divider_top&quot;:&quot;tilt&quot;}\">\n\t\t\t\t\t<div class=\"e-con-inner\">\n\t\t\t\t<div class=\"elementor-shape elementor-shape-top\" aria-hidden=\"true\" data-negative=\"false\">\n\t\t\t<svg xmlns=\"http:\/\/www.w3.org\/2000\/svg\" viewbox=\"0 0 1000 100\" preserveaspectratio=\"none\">\n\t<path class=\"elementor-shape-fill\" d=\"M0,6V0h1000v100L0,6z\"\/>\n<\/svg>\t\t<\/div>\n\t\t\t\t<div class=\"elementor-element elementor-element-f3ba4bf elementor-widget elementor-widget-heading\" data-id=\"f3ba4bf\" data-element_type=\"widget\" data-widget_type=\"heading.default\">\n\t\t\t\t<div class=\"elementor-widget-container\">\n\t\t\t\t\t<h2 class=\"elementor-heading-title elementor-size-default\">HEIMON TYTT\u00d6SALIBANDY<\/h2>\t\t\t\t<\/div>\n\t\t\t\t<\/div>\n\t\t\t\t<div class=\"elementor-element elementor-element-0e146be elementor-widget elementor-widget-image\" data-id=\"0e146be\" data-element_type=\"widget\" data-widget_type=\"image.default\">\n\t\t\t\t<div class=\"elementor-widget-container\">\n\t\t\t\t\t\t\t\t\t\t\t\t\t\t\t<img fetchpriority=\"high\" decoding=\"async\" width=\"300\" height=\"300\" src=\"https:\/\/www.heimo.fi\/wp-content\/uploads\/2026\/01\/536e27e4-33ce-42a1-a7db-ebc0f4425b44-300x300.png\" class=\"attachment-medium size-medium wp-image-15398\" alt=\"\" srcset=\"https:\/\/www.heimo.fi\/wp-content\/uploads\/2026\/01\/536e27e4-33ce-42a1-a7db-ebc0f4425b44-300x300.png 300w, https:\/\/www.heimo.fi\/wp-content\/uploads\/2026\/01\/536e27e4-33ce-42a1-a7db-ebc0f4425b44-150x150.png 150w, https:\/\/www.heimo.fi\/wp-content\/uploads\/2026\/01\/536e27e4-33ce-42a1-a7db-ebc0f4425b44-768x768.png 768w, https:\/\/www.heimo.fi\/wp-content\/uploads\/2026\/01\/536e27e4-33ce-42a1-a7db-ebc0f4425b44-12x12.png 12w, https:\/\/www.heimo.fi\/wp-content\/uploads\/2026\/01\/536e27e4-33ce-42a1-a7db-ebc0f4425b44.png 1024w\" sizes=\"(max-width: 300px) 100vw, 300px\" \/>\t\t\t\t\t\t\t\t\t\t\t\t\t\t\t<\/div>\n\t\t\t\t<\/div>\n\t\t\t\t<div class=\"elementor-element elementor-element-29cd0b0 elementor-widget elementor-widget-text-editor\" data-id=\"29cd0b0\" data-element_type=\"widget\" data-widget_type=\"text-editor.default\">\n\t\t\t\t<div class=\"elementor-widget-container\">\n\t\t\t\t\t\t\t\t\t<div class=\"elementToProof\" data-ogsc=\"rgb(0, 0, 0)\"><p>Heimo rakentaa tytt\u00f6salibandy toimintaa vuosi vuodelta vahvemmaksi. Tarjoamme lapsilleerinomaisen ymp\u00e4rist\u00f6n oppia salibandytaitoja ja kasvaa joukkuepelaajina.<\/p><p>Toiminta on tarkoitettu kaiken tasoisille tyt\u00f6ille, olitpa sitten kokemusta omaava pelaaja tai harkitset vasta aloittamista.<\/p><p>Toimintaan voi osallistua my\u00f6s useamman harrastuksen harrastajat \u2013 kannustamme lapsia harrastamaan monipuolisesti ja t\u00e4t\u00e4 pyrimme my\u00f6s mahdollistamaan.<\/p><p><strong>Tarkemmin joukkueiden toimintaan voit tutustua suoraan ryhmien omilta sivuilta, josta l\u00f6yd\u00e4t my\u00f6s yhteyshenkil\u00f6iden tiedot:<\/strong><\/p><\/div>\t\t\t\t\t\t\t\t<\/div>\n\t\t\t\t<\/div>\n\t\t<div class=\"elementor-element elementor-element-34c285e e-grid e-con-full e-con e-child\" data-id=\"34c285e\" data-element_type=\"container\">\n\t\t\t\t<div class=\"elementor-element elementor-element-3d61fe1 elementor-widget elementor-widget-image\" data-id=\"3d61fe1\" data-element_type=\"widget\" data-widget_type=\"image.default\">\n\t\t\t\t<div class=\"elementor-widget-container\">\n\t\t\t\t\t\t\t\t\t\t\t\t<figure class=\"wp-caption\">\n\t\t\t\t\t\t\t\t\t\t\t<a href=\"https:\/\/westendindians.fi\/blog\/loyda-joukkueesi\/t10\/\" target=\"_blank\" rel=\"noopener\">\n\t\t\t\t\t\t\t<img decoding=\"async\" width=\"1024\" height=\"683\" src=\"https:\/\/www.heimo.fi\/wp-content\/uploads\/2025\/04\/E_000354_8__1_354_5R9A1018_westend-indians_t10-1024x683.jpg\" class=\"attachment-large size-large wp-image-13202\" alt=\"\" srcset=\"https:\/\/www.heimo.fi\/wp-content\/uploads\/2025\/04\/E_000354_8__1_354_5R9A1018_westend-indians_t10-1024x683.jpg 1024w, https:\/\/www.heimo.fi\/wp-content\/uploads\/2025\/04\/E_000354_8__1_354_5R9A1018_westend-indians_t10-300x200.jpg 300w, https:\/\/www.heimo.fi\/wp-content\/uploads\/2025\/04\/E_000354_8__1_354_5R9A1018_westend-indians_t10-768x512.jpg 768w, https:\/\/www.heimo.fi\/wp-content\/uploads\/2025\/04\/E_000354_8__1_354_5R9A1018_westend-indians_t10-1536x1025.jpg 1536w, https:\/\/www.heimo.fi\/wp-content\/uploads\/2025\/04\/E_000354_8__1_354_5R9A1018_westend-indians_t10-18x12.jpg 18w, https:\/\/www.heimo.fi\/wp-content\/uploads\/2025\/04\/E_000354_8__1_354_5R9A1018_westend-indians_t10.jpg 2000w\" sizes=\"(max-width: 1024px) 100vw, 1024px\" \/>\t\t\t\t\t\t\t\t<\/a>\n\t\t\t\t\t\t\t\t\t\t\t<figcaption class=\"widget-image-caption wp-caption-text\">T10<\/figcaption>\n\t\t\t\t\t\t\t\t\t\t<\/figure>\n\t\t\t\t\t\t\t\t\t<\/div>\n\t\t\t\t<\/div>\n\t\t\t\t<div class=\"elementor-element elementor-element-290ce9e elementor-widget elementor-widget-image\" data-id=\"290ce9e\" data-element_type=\"widget\" data-widget_type=\"image.default\">\n\t\t\t\t<div class=\"elementor-widget-container\">\n\t\t\t\t\t\t\t\t\t\t\t\t<figure class=\"wp-caption\">\n\t\t\t\t\t\t\t\t\t\t\t<a href=\"https:\/\/westendindians.fi\/blog\/loyda-joukkueesi\/t12\/\" target=\"_blank\" rel=\"noopener\">\n\t\t\t\t\t\t\t<img decoding=\"async\" width=\"1024\" height=\"683\" src=\"https:\/\/www.heimo.fi\/wp-content\/uploads\/2025\/04\/E_000353_8__1_353_5R9A1009_westend-indians_t12-1024x683.jpg\" class=\"attachment-large size-large wp-image-13207\" alt=\"\" srcset=\"https:\/\/www.heimo.fi\/wp-content\/uploads\/2025\/04\/E_000353_8__1_353_5R9A1009_westend-indians_t12-1024x683.jpg 1024w, https:\/\/www.heimo.fi\/wp-content\/uploads\/2025\/04\/E_000353_8__1_353_5R9A1009_westend-indians_t12-300x200.jpg 300w, https:\/\/www.heimo.fi\/wp-content\/uploads\/2025\/04\/E_000353_8__1_353_5R9A1009_westend-indians_t12-768x512.jpg 768w, https:\/\/www.heimo.fi\/wp-content\/uploads\/2025\/04\/E_000353_8__1_353_5R9A1009_westend-indians_t12-1536x1025.jpg 1536w, https:\/\/www.heimo.fi\/wp-content\/uploads\/2025\/04\/E_000353_8__1_353_5R9A1009_westend-indians_t12-18x12.jpg 18w, https:\/\/www.heimo.fi\/wp-content\/uploads\/2025\/04\/E_000353_8__1_353_5R9A1009_westend-indians_t12.jpg 2000w\" sizes=\"(max-width: 1024px) 100vw, 1024px\" \/>\t\t\t\t\t\t\t\t<\/a>\n\t\t\t\t\t\t\t\t\t\t\t<figcaption class=\"widget-image-caption wp-caption-text\">T12<\/figcaption>\n\t\t\t\t\t\t\t\t\t\t<\/figure>\n\t\t\t\t\t\t\t\t\t<\/div>\n\t\t\t\t<\/div>\n\t\t\t\t<div class=\"elementor-element elementor-element-e132cf8 elementor-widget elementor-widget-image\" data-id=\"e132cf8\" data-element_type=\"widget\" data-widget_type=\"image.default\">\n\t\t\t\t<div class=\"elementor-widget-container\">\n\t\t\t\t\t\t\t\t\t\t\t\t<figure class=\"wp-caption\">\n\t\t\t\t\t\t\t\t\t\t\t<a href=\"https:\/\/westendindians.fi\/blog\/loyda-joukkueesi\/tyttojen-salibandy-2016-2021-matinkyla\/\" target=\"_blank\" rel=\"noopener\">\n\t\t\t\t\t\t\t<img decoding=\"async\" src=\"https:\/\/westendindians.fi\/wp-content\/uploads\/2024\/09\/20240205_185953-2048x1536.jpg\" title=\"\" alt=\"\" loading=\"lazy\" \/>\t\t\t\t\t\t\t\t<\/a>\n\t\t\t\t\t\t\t\t\t\t\t<figcaption class=\"widget-image-caption wp-caption-text\">Tytt\u00f6salibandykoulu<\/figcaption>\n\t\t\t\t\t\t\t\t\t\t<\/figure>\n\t\t\t\t\t\t\t\t\t<\/div>\n\t\t\t\t<\/div>\n\t\t\t\t<\/div>\n\t\t\t\t<div class=\"elementor-element elementor-element-652b7c7 elementor-widget elementor-widget-text-editor\" data-id=\"652b7c7\" data-element_type=\"widget\" data-widget_type=\"text-editor.default\">\n\t\t\t\t<div class=\"elementor-widget-container\">\n\t\t\t\t\t\t\t\t\t<div class=\"elementToProof\" data-ogsc=\"rgb(0, 0, 0)\"><p><strong><span class=\"s2\">Monipuolista harjoittelua ja joukkuehenke\u00e4<\/span><\/strong><\/p><p>Treenit sis\u00e4lt\u00e4v\u00e4t lajitaitojen ja pelaamisen harjoittelua hauskanpitoa unohtamatta.<\/p><p>Haluamme, ett\u00e4 jokainen lapsi kehittyy kokonaisvaltaisesti. Harjoittelumme yhdist\u00e4\u00e4 lajiteknisten taitojen hiomista, pelik\u00e4sityksen kehitt\u00e4mist\u00e4 ja joukkuepelaamisen opettamista. Fyysisess\u00e4 harjoittelussa korostamme nopeuden, ketteryyden ja kest\u00e4vyyden kehitt\u00e4mist\u00e4 hauskoilla,innostavilla ja monipuolisilla tavoilla.<\/p><p>Kaikki toiminta ei py\u00f6ri pelk\u00e4st\u00e4\u00e4n treenaamisen ja pelaamisen ymp\u00e4rill\u00e4, joukkueet viett\u00e4v\u00e4t my\u00f6s aikaa yhdess\u00e4 kent\u00e4n ulkopuolella erilaisien tapahtumien merkeiss\u00e4. Laadukas valmennus luo turvallisen ymp\u00e4rist\u00f6n, jossa lapset oppivat urheilun pelis\u00e4\u00e4nt\u00f6j\u00e4, joukkuehenke\u00e4 ja nauttivat onnistumisista yhdess\u00e4.<\/p><p><strong><span class=\"s2\">Toiminnan arvot ja toimintatavat<\/span><\/strong><\/p><ul><li><span class=\"s2\"><strong>Tiedostava<\/strong>\u00a0<\/span>Tied\u00e4mme aina, miten ja miksi teemme asioita. Lapsen oman ajattelun ja p\u00e4\u00e4t\u00f6ksenteon kehittyminen on meille t\u00e4rke\u00e4\u00e4.<\/li><li><span class=\"s2\"><strong>Sitoutunut ty\u00f6ntekoon<\/strong>\u00a0<\/span>Arvostamme harjoittelussa sek\u00e4 pelaamisessa yritt\u00e4misen merkityst\u00e4 sek\u00e4 sit\u00e4 ett\u00e4 lapsi oppii asettamaan tavoitteita ja ty\u00f6skentelem\u00e4\u00e4n sinnikk\u00e4\u00e4sti niiden saavuttamiseksi.<\/li><li><span class=\"s2\"><strong>Yhteis\u00f6llinen<\/strong>\u00a0<\/span>Jokainen on t\u00e4rke\u00e4 osa Heimoa. Lapsia ohjataan toimimaan erilaisten persoonien kanssa ja he saavat mahdollisuuden tutustua uusiin yst\u00e4viin.<span class=\"s2\">\u00a0<\/span><\/li><\/ul><\/div><div data-ogsc=\"rgb(0, 0, 0)\">\u00a0<\/div><div class=\"elementToProof\" data-ogsc=\"rgb(0, 0, 0)\"><strong>Ota rohkeasti yhteytt\u00e4! Tutustutaan yhdess\u00e4 salibandyn saloihin ja pidet\u00e4\u00e4n samalla hauskaa huippuharrastuksen parissa.<\/strong><\/div><div data-ogsc=\"rgb(0, 0, 0)\">\u00a0<\/div><div data-ogsc=\"rgb(0, 0, 0)\">Matti Virtanen | <a href=\"mailto:matti.virtanen@heimo.fi\">matti.virtanen@heimo.fi<\/a> | p. \u202a+358\u00a040\u00a07405750\u202c<\/div>\t\t\t\t\t\t\t\t<\/div>\n\t\t\t\t<\/div>\n\t\t\t\t\t<\/div>\n\t\t\t\t<\/div>\n\t\t<div class=\"elementor-element elementor-element-76d9506 e-con-full e-flex e-con e-parent\" data-id=\"76d9506\" data-element_type=\"container\" data-settings=\"{&quot;background_background&quot;:&quot;classic&quot;,&quot;shape_divider_top&quot;:&quot;tilt&quot;}\">\n\t\t\t\t<div class=\"elementor-shape elementor-shape-top\" aria-hidden=\"true\" data-negative=\"false\">\n\t\t\t<svg xmlns=\"http:\/\/www.w3.org\/2000\/svg\" viewbox=\"0 0 1000 100\" preserveaspectratio=\"none\">\n\t<path class=\"elementor-shape-fill\" d=\"M0,6V0h1000v100L0,6z\"\/>\n<\/svg>\t\t<\/div>\n\t\t<div class=\"elementor-element elementor-element-0c2a0ba e-grid e-con-full e-con e-child\" data-id=\"0c2a0ba\" data-element_type=\"container\">\n\t\t\t\t<div class=\"elementor-element elementor-element-71f34be elementor-widget elementor-widget-image\" data-id=\"71f34be\" data-element_type=\"widget\" data-widget_type=\"image.default\">\n\t\t\t\t<div class=\"elementor-widget-container\">\n\t\t\t\t\t\t\t\t\t\t\t\t\t\t\t<img loading=\"lazy\" decoding=\"async\" width=\"512\" height=\"512\" src=\"https:\/\/www.heimo.fi\/wp-content\/uploads\/2025\/06\/tyttokuva1-512x512-1.png\" class=\"attachment-large size-large wp-image-14110\" alt=\"\" srcset=\"https:\/\/www.heimo.fi\/wp-content\/uploads\/2025\/06\/tyttokuva1-512x512-1.png 512w, https:\/\/www.heimo.fi\/wp-content\/uploads\/2025\/06\/tyttokuva1-512x512-1-300x300.png 300w, https:\/\/www.heimo.fi\/wp-content\/uploads\/2025\/06\/tyttokuva1-512x512-1-150x150.png 150w, https:\/\/www.heimo.fi\/wp-content\/uploads\/2025\/06\/tyttokuva1-512x512-1-12x12.png 12w\" sizes=\"(max-width: 512px) 100vw, 512px\" \/>\t\t\t\t\t\t\t\t\t\t\t\t\t\t\t<\/div>\n\t\t\t\t<\/div>\n\t\t\t\t<div class=\"elementor-element elementor-element-1418174 elementor-widget elementor-widget-image\" data-id=\"1418174\" data-element_type=\"widget\" data-widget_type=\"image.default\">\n\t\t\t\t<div class=\"elementor-widget-container\">\n\t\t\t\t\t\t\t\t\t\t\t\t\t\t\t<img loading=\"lazy\" decoding=\"async\" width=\"512\" height=\"512\" src=\"https:\/\/www.heimo.fi\/wp-content\/uploads\/2025\/06\/tyttokuva2-512x512-1.png\" class=\"attachment-large size-large wp-image-14111\" alt=\"\" srcset=\"https:\/\/www.heimo.fi\/wp-content\/uploads\/2025\/06\/tyttokuva2-512x512-1.png 512w, https:\/\/www.heimo.fi\/wp-content\/uploads\/2025\/06\/tyttokuva2-512x512-1-300x300.png 300w, https:\/\/www.heimo.fi\/wp-content\/uploads\/2025\/06\/tyttokuva2-512x512-1-150x150.png 150w, https:\/\/www.heimo.fi\/wp-content\/uploads\/2025\/06\/tyttokuva2-512x512-1-12x12.png 12w\" sizes=\"(max-width: 512px) 100vw, 512px\" \/>\t\t\t\t\t\t\t\t\t\t\t\t\t\t\t<\/div>\n\t\t\t\t<\/div>\n\t\t\t\t<div class=\"elementor-element elementor-element-2e74143 elementor-widget elementor-widget-image\" data-id=\"2e74143\" data-element_type=\"widget\" data-widget_type=\"image.default\">\n\t\t\t\t<div class=\"elementor-widget-container\">\n\t\t\t\t\t\t\t\t\t\t\t\t\t\t\t<img loading=\"lazy\" decoding=\"async\" width=\"512\" height=\"512\" src=\"https:\/\/www.heimo.fi\/wp-content\/uploads\/2025\/06\/tyttokuva3-512x512-1.png\" class=\"attachment-large size-large wp-image-14112\" alt=\"\" srcset=\"https:\/\/www.heimo.fi\/wp-content\/uploads\/2025\/06\/tyttokuva3-512x512-1.png 512w, https:\/\/www.heimo.fi\/wp-content\/uploads\/2025\/06\/tyttokuva3-512x512-1-300x300.png 300w, https:\/\/www.heimo.fi\/wp-content\/uploads\/2025\/06\/tyttokuva3-512x512-1-150x150.png 150w, https:\/\/www.heimo.fi\/wp-content\/uploads\/2025\/06\/tyttokuva3-512x512-1-12x12.png 12w\" sizes=\"(max-width: 512px) 100vw, 512px\" \/>\t\t\t\t\t\t\t\t\t\t\t\t\t\t\t<\/div>\n\t\t\t\t<\/div>\n\t\t\t\t<div class=\"elementor-element elementor-element-6716f4d elementor-widget elementor-widget-image\" data-id=\"6716f4d\" data-element_type=\"widget\" data-widget_type=\"image.default\">\n\t\t\t\t<div class=\"elementor-widget-container\">\n\t\t\t\t\t\t\t\t\t\t\t\t\t\t\t<img loading=\"lazy\" decoding=\"async\" width=\"512\" height=\"512\" src=\"https:\/\/www.heimo.fi\/wp-content\/uploads\/2025\/06\/tyttokuva4-512x512-1.png\" class=\"attachment-large size-large wp-image-14114\" alt=\"\" srcset=\"https:\/\/www.heimo.fi\/wp-content\/uploads\/2025\/06\/tyttokuva4-512x512-1.png 512w, https:\/\/www.heimo.fi\/wp-content\/uploads\/2025\/06\/tyttokuva4-512x512-1-300x300.png 300w, https:\/\/www.heimo.fi\/wp-content\/uploads\/2025\/06\/tyttokuva4-512x512-1-150x150.png 150w, https:\/\/www.heimo.fi\/wp-content\/uploads\/2025\/06\/tyttokuva4-512x512-1-12x12.png 12w\" sizes=\"(max-width: 512px) 100vw, 512px\" \/>\t\t\t\t\t\t\t\t\t\t\t\t\t\t\t<\/div>\n\t\t\t\t<\/div>\n\t\t\t\t<\/div>\n\t\t\t\t<\/div>\n\t\t\t\t<\/div>","protected":false},"excerpt":{"rendered":"<p>HEIMON TYTT\u00d6SALIBANDY Heimo rakentaa tytt\u00f6salibandy toimintaa vuosi vuodelta vahvemmaksi. Tarjoamme lapsilleerinomaisen ymp\u00e4rist\u00f6n oppia salibandytaitoja ja kasvaa joukkuepelaajina. Toiminta on tarkoitettu [&hellip;]<\/p>","protected":false},"author":2,"featured_media":0,"parent":51,"menu_order":0,"comment_status":"closed","ping_status":"closed","template":"","meta":{"_acf_changed":false,"site-sidebar-layout":"no-sidebar","site-content-layout":"","ast-site-content-layout":"full-width-container","site-content-style":"default","site-sidebar-style":"default","ast-global-header-display":"","ast-banner-title-visibility":"","ast-main-header-display":"","ast-hfb-above-header-display":"","ast-hfb-below-header-display":"","ast-hfb-mobile-header-display":"","site-post-title":"disabled","ast-breadcrumbs-content":"","ast-featured-img":"disabled","footer-sml-layout":"","theme-transparent-header-meta":"default","adv-header-id-meta":"","stick-header-meta":"","header-above-stick-meta":"","header-main-stick-meta":"","header-below-stick-meta":"","astra-migrate-meta-layouts":"set","ast-page-background-enabled":"default","ast-page-background-meta":{"desktop":{"background-color":"var(--ast-global-color-4)","background-image":"","background-repeat":"repeat","background-position":"center center","background-size":"auto","background-attachment":"scroll","background-type":"","background-media":"","overlay-type":"","overlay-color":"","overlay-opacity":"","overlay-gradient":""},"tablet":{"background-color":"","background-image":"","background-repeat":"repeat","background-position":"center center","background-size":"auto","background-attachment":"scroll","background-type":"","background-media":"","overlay-type":"","overlay-color":"","overlay-opacity":"","overlay-gradient":""},"mobile":{"background-color":"","background-image":"","background-repeat":"repeat","background-position":"center center","background-size":"auto","background-attachment":"scroll","background-type":"","background-media":"","overlay-type":"","overlay-color":"","overlay-opacity":"","overlay-gradient":""}},"ast-content-background-meta":{"desktop":{"background-color":"var(--ast-global-color-5)","background-image":"","background-repeat":"repeat","background-position":"center center","background-size":"auto","background-attachment":"scroll","background-type":"","background-media":"","overlay-type":"","overlay-color":"","overlay-opacity":"","overlay-gradient":""},"tablet":{"background-color":"var(--ast-global-color-5)","background-image":"","background-repeat":"repeat","background-position":"center center","background-size":"auto","background-attachment":"scroll","background-type":"","background-media":"","overlay-type":"","overlay-color":"","overlay-opacity":"","overlay-gradient":""},"mobile":{"background-color":"var(--ast-global-color-5)","background-image":"","background-repeat":"repeat","background-position":"center center","background-size":"auto","background-attachment":"scroll","background-type":"","background-media":"","overlay-type":"","overlay-color":"","overlay-opacity":"","overlay-gradient":""}},"footnotes":""},"class_list":["post-13170","page","type-page","status-publish","hentry"],"acf":[],"publishpress_future_action":{"enabled":false,"date":"2026-04-21 18:14:38","action":"change-status","newStatus":"draft","terms":[],"taxonomy":"","extraData":[]},"publishpress_future_workflow_manual_trigger":{"enabledWorkflows":[]},"_links":{"self":[{"href":"https:\/\/www.heimo.fi\/en\/wp-json\/wp\/v2\/pages\/13170","targetHints":{"allow":["GET"]}}],"collection":[{"href":"https:\/\/www.heimo.fi\/en\/wp-json\/wp\/v2\/pages"}],"about":[{"href":"https:\/\/www.heimo.fi\/en\/wp-json\/wp\/v2\/types\/page"}],"author":[{"embeddable":true,"href":"https:\/\/www.heimo.fi\/en\/wp-json\/wp\/v2\/users\/2"}],"replies":[{"embeddable":true,"href":"https:\/\/www.heimo.fi\/en\/wp-json\/wp\/v2\/comments?post=13170"}],"version-history":[{"count":142,"href":"https:\/\/www.heimo.fi\/en\/wp-json\/wp\/v2\/pages\/13170\/revisions"}],"predecessor-version":[{"id":15820,"href":"https:\/\/www.heimo.fi\/en\/wp-json\/wp\/v2\/pages\/13170\/revisions\/15820"}],"up":[{"embeddable":true,"href":"https:\/\/www.heimo.fi\/en\/wp-json\/wp\/v2\/pages\/51"}],"wp:attachment":[{"href":"https:\/\/www.heimo.fi\/en\/wp-json\/wp\/v2\/media?parent=13170"}],"curies":[{"name":"wp","href":"https:\/\/api.w.org\/{rel}","templated":true}]}}